{"id":990,"date":"2022-10-17T13:02:21","date_gmt":"2022-10-17T16:02:21","guid":{"rendered":"https:\/\/cortecerto.com\/produto\/corte-certo-web\/"},"modified":"2024-06-21T13:49:20","modified_gmt":"2024-06-21T16:49:20","slug":"corte-certo-revenda","status":"publish","type":"product","link":"https:\/\/cortecerto.com\/es\/produto\/corte-certo-revenda\/","title":{"rendered":"Corte Certo Revenda"},"content":{"rendered":"<div id=\"tab-sucg3ct\" class=\"sucg3ct tab-sucg3ct-content mgz-tabs-tab-content mgz-active\">\n<div class=\"sucg3ct mgz-element mgz-element-tab\">\n<div class=\"mgz-element-inner sucg3ct-s\">\n<div class=\"wr059p3 mgz-element mgz-child mgz-element-product_description\">\n<div class=\"mgz-element-inner wr059p3-s\">\n<div class=\"ppbd-product-description\">\n<p>(Licencia renovable anualmente)<\/p>\n<p>Corte Certo Revenda: servicio autom\u00e1tico de venta por internet.<\/p>\n<p>Para tiendas de materiales y servicios para carpinteros:<\/p>\n<p>Suscripci\u00f3n anual: \u00a1Consultar!<\/p>\n<p>Mensual: \u00a1Consultar!<\/p>\n<p>Para los carpinteros: \u00a1Gratis!<\/p>\n<p>Corte Certo Revenda es un espacio virtual, es decir, en internet, donde los productos y servicios se pueden ofrecer y comprar.<\/p>\n<p>Se recomienda para el mercado de tiendas de materiales para carpinter\u00eda y sus clientes, carpinteros y aficionados.<\/p>\n<p>Entre otras funciones, Corte Certo Revenda puede calcular el n\u00famero de placas necesarias para generar r\u00e1pidamente un presupuesto, que tambi\u00e9n incluir\u00e1 la cantidad de tapacantos necesaria.<\/p>\n<p>Nuestro cliente es la tienda, lo que permitir\u00e1 que los clientes acreditados (carpinteros) usen la aplicaci\u00f3n, est\u00e9n donde est\u00e9n, ya sea con una computadora de mesa, una tableta o un tel\u00e9fono celular con acceso a internet<\/p>\n<p>No es necesario descargar nada. Todo en la nube.<\/p>\n<p>La aplicaci\u00f3n cuenta b\u00e1sicamente con dos entornos. El primero es el de la tienda, que paga por un plan de suscripci\u00f3n, y el otro es el \u201cBalc\u00f3n Virtual\u201d, al que accede el carpintero.<\/p>\n<p>Para carpinteros acreditados (por la tienda), su empleo es gratis.<\/p>\n<\/div>\n<\/div>\n<\/div>\n<\/div>\n<\/div>\n<\/div>\n","protected":false},"excerpt":{"rendered":"<p style=\"text-align: justify;\">Sistema de ventas por internet, con c\u00e1lculos de planes de corte, dirigido a tiendas de materiales para carpinter\u00eda, con acceso gratis a carpinteros.<\/p>\n","protected":false},"featured_media":138105,"template":"","meta":{"site-sidebar-layout":"default","site-content-layout":"","ast-site-content-layout":"default","site-content-style":"default","site-sidebar-style":"default","ast-global-header-display":"","ast-banner-title-visibility":"","ast-main-header-display":"","ast-hfb-above-header-display":"","ast-hfb-below-header-display":"","ast-hfb-mobile-header-display":"","site-post-title":"","ast-breadcrumbs-content":"","ast-featured-img":"","footer-sml-layout":"","ast-disable-related-posts":"","theme-transparent-header-meta":"default","adv-header-id-meta":"","stick-header-meta":"default","header-above-stick-meta":"","header-main-stick-meta":"","header-below-stick-meta":"","astra-migrate-meta-layouts":"set","ast-page-background-enabled":"default","ast-page-background-meta":{"desktop":{"background-color":"var(--ast-global-color-4)","background-image":"","background-repeat":"repeat","background-position":"center center","background-size":"auto","background-attachment":"scroll","background-type":"","background-media":"","overlay-type":"","overlay-color":"","overlay-opacity":"","overlay-gradient":""},"tablet":{"background-color":"","background-image":"","background-repeat":"repeat","background-position":"center center","background-size":"auto","background-attachment":"scroll","background-type":"","background-media":"","overlay-type":"","overlay-color":"","overlay-opacity":"","overlay-gradient":""},"mobile":{"background-color":"","background-image":"","background-repeat":"repeat","background-position":"center center","background-size":"auto","background-attachment":"scroll","background-type":"","background-media":"","overlay-type":"","overlay-color":"","overlay-opacity":"","overlay-gradient":""}},"ast-content-background-meta":{"desktop":{"background-color":"var(--ast-global-color-5)","background-image":"","background-repeat":"repeat","background-position":"center center","background-size":"auto","background-attachment":"scroll","background-type":"","background-media":"","overlay-type":"","overlay-color":"","overlay-opacity":"","overlay-gradient":""},"tablet":{"background-color":"var(--ast-global-color-5)","background-image":"","background-repeat":"repeat","background-position":"center center","background-size":"auto","background-attachment":"scroll","background-type":"","background-media":"","overlay-type":"","overlay-color":"","overlay-opacity":"","overlay-gradient":""},"mobile":{"background-color":"var(--ast-global-color-5)","background-image":"","background-repeat":"repeat","background-position":"center center","background-size":"auto","background-attachment":"scroll","background-type":"","background-media":"","overlay-type":"","overlay-color":"","overlay-opacity":"","overlay-gradient":""}}},"product_brand":[],"product_cat":[],"product_tag":[],"class_list":{"0":"post-990","1":"product","2":"type-product","3":"status-publish","4":"has-post-thumbnail","6":"desktop-align-left","7":"tablet-align-left","8":"mobile-align-left","10":"first","11":"onbackorder","12":"virtual","13":"product-type-simple"},"yoast_head":"<!-- This site is optimized with the Yoast SEO plugin v27.4 - https:\/\/yoast.com\/product\/yoast-seo-wordpress\/ -->\n<title>Corte Certo Revenda - Corte Certo - Software para Otimiza\u00e7\u00e3o de Planos de Corte<\/title>\n<meta name=\"robots\" content=\"index, follow, max-snippet:-1, max-image-preview:large, max-video-preview:-1\" \/>\n<link rel=\"canonical\" href=\"https:\/\/cortecerto.com\/es\/produto\/corte-certo-revenda\/\" \/>\n<meta property=\"og:locale\" content=\"es_ES\" \/>\n<meta property=\"og:type\" content=\"article\" \/>\n<meta property=\"og:title\" content=\"Corte Certo Revenda - Corte Certo - Software para Otimiza\u00e7\u00e3o de Planos de Corte\" \/>\n<meta property=\"og:description\" content=\"Sistema de ventas por internet, con c\u00e1lculos de planes de corte, dirigido a tiendas de materiales para carpinter\u00eda, con acceso gratis a carpinteros.\" \/>\n<meta property=\"og:url\" content=\"https:\/\/cortecerto.com\/es\/produto\/corte-certo-revenda\/\" \/>\n<meta property=\"og:site_name\" content=\"Corte Certo - Software para Otimiza\u00e7\u00e3o de Planos de Corte\" \/>\n<meta property=\"article:modified_time\" content=\"2024-06-21T16:49:20+00:00\" \/>\n<meta property=\"og:image\" content=\"https:\/\/cortecerto.com\/wp-content\/uploads\/2024\/08\/banner_interno_CC_revenda.jpg\" \/>\n\t<meta property=\"og:image:width\" content=\"907\" \/>\n\t<meta property=\"og:image:height\" content=\"508\" \/>\n\t<meta property=\"og:image:type\" content=\"image\/jpeg\" \/>\n<meta name=\"twitter:card\" content=\"summary_large_image\" \/>\n<meta name=\"twitter:label1\" content=\"Tiempo de lectura\" \/>\n\t<meta name=\"twitter:data1\" content=\"2 minutos\" \/>\n<script type=\"application\/ld+json\" class=\"yoast-schema-graph\">{\"@context\":\"https:\\\/\\\/schema.org\",\"@graph\":[{\"@type\":\"WebPage\",\"@id\":\"https:\\\/\\\/cortecerto.com\\\/es\\\/produto\\\/corte-certo-revenda\\\/\",\"url\":\"https:\\\/\\\/cortecerto.com\\\/es\\\/produto\\\/corte-certo-revenda\\\/\",\"name\":\"Corte Certo Revenda - Corte Certo - Software para Otimiza\u00e7\u00e3o de Planos de Corte\",\"isPartOf\":{\"@id\":\"https:\\\/\\\/cortecerto.com\\\/es\\\/#website\"},\"primaryImageOfPage\":{\"@id\":\"https:\\\/\\\/cortecerto.com\\\/es\\\/produto\\\/corte-certo-revenda\\\/#primaryimage\"},\"image\":{\"@id\":\"https:\\\/\\\/cortecerto.com\\\/es\\\/produto\\\/corte-certo-revenda\\\/#primaryimage\"},\"thumbnailUrl\":\"https:\\\/\\\/cortecerto.com\\\/wp-content\\\/uploads\\\/2022\\\/10\\\/banner_interno_CC_R.jpg\",\"datePublished\":\"2022-10-17T16:02:21+00:00\",\"dateModified\":\"2024-06-21T16:49:20+00:00\",\"breadcrumb\":{\"@id\":\"https:\\\/\\\/cortecerto.com\\\/es\\\/produto\\\/corte-certo-revenda\\\/#breadcrumb\"},\"inLanguage\":\"es\",\"potentialAction\":[{\"@type\":\"ReadAction\",\"target\":[\"https:\\\/\\\/cortecerto.com\\\/es\\\/produto\\\/corte-certo-revenda\\\/\"]}]},{\"@type\":\"ImageObject\",\"inLanguage\":\"es\",\"@id\":\"https:\\\/\\\/cortecerto.com\\\/es\\\/produto\\\/corte-certo-revenda\\\/#primaryimage\",\"url\":\"https:\\\/\\\/cortecerto.com\\\/wp-content\\\/uploads\\\/2022\\\/10\\\/banner_interno_CC_R.jpg\",\"contentUrl\":\"https:\\\/\\\/cortecerto.com\\\/wp-content\\\/uploads\\\/2022\\\/10\\\/banner_interno_CC_R.jpg\",\"width\":907,\"height\":508},{\"@type\":\"BreadcrumbList\",\"@id\":\"https:\\\/\\\/cortecerto.com\\\/es\\\/produto\\\/corte-certo-revenda\\\/#breadcrumb\",\"itemListElement\":[{\"@type\":\"ListItem\",\"position\":1,\"name\":\"In\u00edcio\",\"item\":\"https:\\\/\\\/cortecerto.com\\\/es\\\/\"},{\"@type\":\"ListItem\",\"position\":2,\"name\":\"Comprar\",\"item\":\"https:\\\/\\\/cortecerto.com\\\/es\\\/comprar\\\/\"},{\"@type\":\"ListItem\",\"position\":3,\"name\":\"Corte Certo Revenda\"}]},{\"@type\":\"WebSite\",\"@id\":\"https:\\\/\\\/cortecerto.com\\\/es\\\/#website\",\"url\":\"https:\\\/\\\/cortecerto.com\\\/es\\\/\",\"name\":\"Corte Certo - Software para Otimiza\u00e7\u00e3o de Planos de Corte\",\"description\":\"\",\"publisher\":{\"@id\":\"https:\\\/\\\/cortecerto.com\\\/es\\\/#organization\"},\"potentialAction\":[{\"@type\":\"SearchAction\",\"target\":{\"@type\":\"EntryPoint\",\"urlTemplate\":\"https:\\\/\\\/cortecerto.com\\\/es\\\/?s={search_term_string}\"},\"query-input\":{\"@type\":\"PropertyValueSpecification\",\"valueRequired\":true,\"valueName\":\"search_term_string\"}}],\"inLanguage\":\"es\"},{\"@type\":\"Organization\",\"@id\":\"https:\\\/\\\/cortecerto.com\\\/es\\\/#organization\",\"name\":\"Corte Certo - Software para Otimiza\u00e7\u00e3o de Planos de Corte\",\"url\":\"https:\\\/\\\/cortecerto.com\\\/es\\\/\",\"logo\":{\"@type\":\"ImageObject\",\"inLanguage\":\"es\",\"@id\":\"https:\\\/\\\/cortecerto.com\\\/es\\\/#\\\/schema\\\/logo\\\/image\\\/\",\"url\":\"https:\\\/\\\/cortecerto.com\\\/wp-content\\\/uploads\\\/2022\\\/10\\\/logo-corte-certo-branco.png\",\"contentUrl\":\"https:\\\/\\\/cortecerto.com\\\/wp-content\\\/uploads\\\/2022\\\/10\\\/logo-corte-certo-branco.png\",\"width\":2560,\"height\":293,\"caption\":\"Corte Certo - Software para Otimiza\u00e7\u00e3o de Planos de Corte\"},\"image\":{\"@id\":\"https:\\\/\\\/cortecerto.com\\\/es\\\/#\\\/schema\\\/logo\\\/image\\\/\"}}]}<\/script>\n<!-- \/ Yoast SEO plugin. -->","yoast_head_json":{"title":"Corte Certo Revenda - Corte Certo - Software para Otimiza\u00e7\u00e3o de Planos de Corte","robots":{"index":"index","follow":"follow","max-snippet":"max-snippet:-1","max-image-preview":"max-image-preview:large","max-video-preview":"max-video-preview:-1"},"canonical":"https:\/\/cortecerto.com\/es\/produto\/corte-certo-revenda\/","og_locale":"es_ES","og_type":"article","og_title":"Corte Certo Revenda - Corte Certo - Software para Otimiza\u00e7\u00e3o de Planos de Corte","og_description":"Sistema de ventas por internet, con c\u00e1lculos de planes de corte, dirigido a tiendas de materiales para carpinter\u00eda, con acceso gratis a carpinteros.","og_url":"https:\/\/cortecerto.com\/es\/produto\/corte-certo-revenda\/","og_site_name":"Corte Certo - Software para Otimiza\u00e7\u00e3o de Planos de Corte","article_modified_time":"2024-06-21T16:49:20+00:00","og_image":[{"width":907,"height":508,"url":"https:\/\/cortecerto.com\/wp-content\/uploads\/2024\/08\/banner_interno_CC_revenda.jpg","type":"image\/jpeg"}],"twitter_card":"summary_large_image","twitter_misc":{"Tiempo de lectura":"2 minutos"},"schema":{"@context":"https:\/\/schema.org","@graph":[{"@type":"WebPage","@id":"https:\/\/cortecerto.com\/es\/produto\/corte-certo-revenda\/","url":"https:\/\/cortecerto.com\/es\/produto\/corte-certo-revenda\/","name":"Corte Certo Revenda - Corte Certo - Software para Otimiza\u00e7\u00e3o de Planos de Corte","isPartOf":{"@id":"https:\/\/cortecerto.com\/es\/#website"},"primaryImageOfPage":{"@id":"https:\/\/cortecerto.com\/es\/produto\/corte-certo-revenda\/#primaryimage"},"image":{"@id":"https:\/\/cortecerto.com\/es\/produto\/corte-certo-revenda\/#primaryimage"},"thumbnailUrl":"https:\/\/cortecerto.com\/wp-content\/uploads\/2022\/10\/banner_interno_CC_R.jpg","datePublished":"2022-10-17T16:02:21+00:00","dateModified":"2024-06-21T16:49:20+00:00","breadcrumb":{"@id":"https:\/\/cortecerto.com\/es\/produto\/corte-certo-revenda\/#breadcrumb"},"inLanguage":"es","potentialAction":[{"@type":"ReadAction","target":["https:\/\/cortecerto.com\/es\/produto\/corte-certo-revenda\/"]}]},{"@type":"ImageObject","inLanguage":"es","@id":"https:\/\/cortecerto.com\/es\/produto\/corte-certo-revenda\/#primaryimage","url":"https:\/\/cortecerto.com\/wp-content\/uploads\/2022\/10\/banner_interno_CC_R.jpg","contentUrl":"https:\/\/cortecerto.com\/wp-content\/uploads\/2022\/10\/banner_interno_CC_R.jpg","width":907,"height":508},{"@type":"BreadcrumbList","@id":"https:\/\/cortecerto.com\/es\/produto\/corte-certo-revenda\/#breadcrumb","itemListElement":[{"@type":"ListItem","position":1,"name":"In\u00edcio","item":"https:\/\/cortecerto.com\/es\/"},{"@type":"ListItem","position":2,"name":"Comprar","item":"https:\/\/cortecerto.com\/es\/comprar\/"},{"@type":"ListItem","position":3,"name":"Corte Certo Revenda"}]},{"@type":"WebSite","@id":"https:\/\/cortecerto.com\/es\/#website","url":"https:\/\/cortecerto.com\/es\/","name":"Corte Certo - Software para Otimiza\u00e7\u00e3o de Planos de Corte","description":"","publisher":{"@id":"https:\/\/cortecerto.com\/es\/#organization"},"potentialAction":[{"@type":"SearchAction","target":{"@type":"EntryPoint","urlTemplate":"https:\/\/cortecerto.com\/es\/?s={search_term_string}"},"query-input":{"@type":"PropertyValueSpecification","valueRequired":true,"valueName":"search_term_string"}}],"inLanguage":"es"},{"@type":"Organization","@id":"https:\/\/cortecerto.com\/es\/#organization","name":"Corte Certo - Software para Otimiza\u00e7\u00e3o de Planos de Corte","url":"https:\/\/cortecerto.com\/es\/","logo":{"@type":"ImageObject","inLanguage":"es","@id":"https:\/\/cortecerto.com\/es\/#\/schema\/logo\/image\/","url":"https:\/\/cortecerto.com\/wp-content\/uploads\/2022\/10\/logo-corte-certo-branco.png","contentUrl":"https:\/\/cortecerto.com\/wp-content\/uploads\/2022\/10\/logo-corte-certo-branco.png","width":2560,"height":293,"caption":"Corte Certo - Software para Otimiza\u00e7\u00e3o de Planos de Corte"},"image":{"@id":"https:\/\/cortecerto.com\/es\/#\/schema\/logo\/image\/"}}]}},"_links":{"self":[{"href":"https:\/\/cortecerto.com\/es\/wp-json\/wp\/v2\/product\/990","targetHints":{"allow":["GET"]}}],"collection":[{"href":"https:\/\/cortecerto.com\/es\/wp-json\/wp\/v2\/product"}],"about":[{"href":"https:\/\/cortecerto.com\/es\/wp-json\/wp\/v2\/types\/product"}],"version-history":[{"count":0,"href":"https:\/\/cortecerto.com\/es\/wp-json\/wp\/v2\/product\/990\/revisions"}],"wp:featuredmedia":[{"embeddable":true,"href":"https:\/\/cortecerto.com\/es\/wp-json\/wp\/v2\/media\/138105"}],"wp:attachment":[{"href":"https:\/\/cortecerto.com\/es\/wp-json\/wp\/v2\/media?parent=990"}],"wp:term":[{"taxonomy":"product_brand","embeddable":true,"href":"https:\/\/cortecerto.com\/es\/wp-json\/wp\/v2\/product_brand?post=990"},{"taxonomy":"product_cat","embeddable":true,"href":"https:\/\/cortecerto.com\/es\/wp-json\/wp\/v2\/product_cat?post=990"},{"taxonomy":"product_tag","embeddable":true,"href":"https:\/\/cortecerto.com\/es\/wp-json\/wp\/v2\/product_tag?post=990"}],"curies":[{"name":"wp","href":"https:\/\/api.w.org\/{rel}","templated":true}]}}