{"id":989,"date":"2022-10-17T13:05:49","date_gmt":"2022-10-17T16:05:49","guid":{"rendered":"https:\/\/cortecerto.com\/produto\/corte-certo-films\/"},"modified":"2023-08-18T20:06:35","modified_gmt":"2023-08-18T23:06:35","slug":"corte-certo-films","status":"publish","type":"product","link":"https:\/\/cortecerto.com\/es\/produto\/corte-certo-films\/","title":{"rendered":"Corte Certo Films"},"content":{"rendered":"<div id=\"tab-sucg3ct\" class=\"sucg3ct tab-sucg3ct-content mgz-tabs-tab-content mgz-active\">\n<div class=\"sucg3ct mgz-element mgz-element-tab\">\n<div class=\"mgz-element-inner sucg3ct-s\">\n<div class=\"wr059p3 mgz-element mgz-child mgz-element-product_description\">\n<div class=\"mgz-element-inner wr059p3-s\">\n<div class=\"ppbd-product-description\">\n<p>Se trata de un software de f\u00e1cil aprendizaje y bastante simplificado para cumplir con los requisitos espec\u00edficos del segmento de pel\u00edculas. Entre sus destaques est\u00e1n sus herramientas de la\u00a0posedici\u00f3n, que permiten modificaciones en los esquemas de corte para una adecuaci\u00f3n m\u00e1s precisa a las necesidades del usuario.<\/p>\n<p>Su algoritmo de c\u00e1lculo propicia cortes de lado a lado en la altura de la bobina a espacios regulares, de manera que se permita un trabajo m\u00e1s f\u00e1cil con esos rollos.<\/p>\n<p>Si desea recursos m\u00e1s avanzados, como el del control de existencias, exportaci\u00f3n de datos y c\u00f3digos de barras, pruebe el\u00a0<a href=\"https:\/\/cortecerto.com\/br\/produto\/corte-certo-plus\">Corte Certo Plus<\/a>, que presenta un visualizador apropiado para bobinas.<\/p>\n<p>&nbsp;<\/p>\n<h3>Corte Certo Films &#8211; Funciones principales<\/h3>\n<ul>\n<li>Calcula el mejor aprovechamiento del corte de pel\u00edcula, para grandes o peque\u00f1as propuestas;<\/li>\n<li>Calcula empalmes;<\/li>\n<li>Mantiene la direcci\u00f3n de la textura del material, cuando sea necesario;<\/li>\n<li>Permite la comparaci\u00f3n entre diferentes tama\u00f1os de bobinas;<\/li>\n<li>Genera diagramas (los\u00a0planos de corte) que pueden imprimirse para orientar el corte y tambi\u00e9n identificar las\u00a0piezas;<\/li>\n<li>Puede copiar contenido de Excel, evitando una redigitaci\u00f3n de medidas;<\/li>\n<li>Genera etiquetas para las piezas.<\/li>\n<li>C\u00e1lculo autom\u00e1tico de la cantidad de bobinas requeridas para un determinado proyecto.<\/li>\n<li>C\u00e1lculo de enmiendas.<\/li>\n<li>Agregado de las sobras al c\u00e1lculo.<\/li>\n<li>Funci\u00f3n de postedici\u00f3n, que permite modificar los diagramas con la ayuda del mouse.<\/li>\n<\/ul>\n<\/div>\n<\/div>\n<\/div>\n<\/div>\n<\/div>\n<\/div>\n","protected":false},"excerpt":{"rendered":"<p>Suscripci\u00f3n anual<\/p>\n<p style=\"text-align: justify;\">Para realizar el corte recto de pel\u00edculas de vidrio (automotrices y de arquitectura). Tuvo un \u00e9xito inmediato en varios pa\u00edses. Tambi\u00e9n sirve para otros materiales presentados en el formato de bobinas.<\/p>\n","protected":false},"featured_media":140565,"template":"","meta":{"site-sidebar-layout":"default","site-content-layout":null,"ast-site-content-layout":"default","site-content-style":"default","site-sidebar-style":"default","ast-global-header-display":"","ast-banner-title-visibility":"","ast-main-header-display":"","ast-hfb-above-header-display":"","ast-hfb-below-header-display":"","ast-hfb-mobile-header-display":"","site-post-title":"","ast-breadcrumbs-content":"","ast-featured-img":"","footer-sml-layout":"","ast-disable-related-posts":"","theme-transparent-header-meta":"default","adv-header-id-meta":"","stick-header-meta":"default","header-above-stick-meta":null,"header-main-stick-meta":"","header-below-stick-meta":null,"astra-migrate-meta-layouts":"set","ast-page-background-enabled":"default","ast-page-background-meta":{"desktop":{"background-color":"var(--ast-global-color-4)","background-image":"","background-repeat":"repeat","background-position":"center center","background-size":"auto","background-attachment":"scroll","background-type":"","background-media":"","overlay-type":"","overlay-color":"","overlay-opacity":"","overlay-gradient":""},"tablet":{"background-color":"","background-image":"","background-repeat":"repeat","background-position":"center center","background-size":"auto","background-attachment":"scroll","background-type":"","background-media":"","overlay-type":"","overlay-color":"","overlay-opacity":"","overlay-gradient":""},"mobile":{"background-color":"","background-image":"","background-repeat":"repeat","background-position":"center center","background-size":"auto","background-attachment":"scroll","background-type":"","background-media":"","overlay-type":"","overlay-color":"","overlay-opacity":"","overlay-gradient":""}},"ast-content-background-meta":{"desktop":{"background-color":"var(--ast-global-color-5)","background-image":"","background-repeat":"repeat","background-position":"center center","background-size":"auto","background-attachment":"scroll","background-type":"","background-media":"","overlay-type":"","overlay-color":"","overlay-opacity":"","overlay-gradient":""},"tablet":{"background-color":"var(--ast-global-color-5)","background-image":"","background-repeat":"repeat","background-position":"center center","background-size":"auto","background-attachment":"scroll","background-type":"","background-media":"","overlay-type":"","overlay-color":"","overlay-opacity":"","overlay-gradient":""},"mobile":{"background-color":"var(--ast-global-color-5)","background-image":"","background-repeat":"repeat","background-position":"center center","background-size":"auto","background-attachment":"scroll","background-type":"","background-media":"","overlay-type":"","overlay-color":"","overlay-opacity":"","overlay-gradient":""}}},"product_brand":[],"product_cat":[],"product_tag":[],"class_list":{"0":"post-989","1":"product","2":"type-product","3":"status-publish","4":"has-post-thumbnail","6":"desktop-align-left","7":"tablet-align-left","8":"mobile-align-left","10":"first","11":"instock","12":"virtual","13":"purchasable","14":"product-type-simple"},"yoast_head":"<!-- This site is optimized with the Yoast SEO plugin v27.5 - https:\/\/yoast.com\/product\/yoast-seo-wordpress\/ -->\n<title>Corte Certo Films - Corte Certo - Software para Otimiza\u00e7\u00e3o de Planos de Corte<\/title>\n<meta name=\"robots\" content=\"index, follow, max-snippet:-1, max-image-preview:large, max-video-preview:-1\" \/>\n<link rel=\"canonical\" href=\"https:\/\/cortecerto.com\/es\/produto\/corte-certo-films\/\" \/>\n<meta property=\"og:locale\" content=\"es_ES\" \/>\n<meta property=\"og:type\" content=\"article\" \/>\n<meta property=\"og:title\" content=\"Corte Certo Films - Corte Certo - Software para Otimiza\u00e7\u00e3o de Planos de Corte\" \/>\n<meta property=\"og:description\" content=\"Suscripci\u00f3n anual Para realizar el corte recto de pel\u00edculas de vidrio (automotrices y de arquitectura). Tuvo un \u00e9xito inmediato en varios pa\u00edses. Tambi\u00e9n sirve para otros materiales presentados en el formato de bobinas.\" \/>\n<meta property=\"og:url\" content=\"https:\/\/cortecerto.com\/es\/produto\/corte-certo-films\/\" \/>\n<meta property=\"og:site_name\" content=\"Corte Certo - Software para Otimiza\u00e7\u00e3o de Planos de Corte\" \/>\n<meta property=\"article:modified_time\" content=\"2023-08-18T23:06:35+00:00\" \/>\n<meta property=\"og:image\" content=\"https:\/\/cortecerto.com\/wp-content\/uploads\/2022\/10\/cc-films-2x.png\" \/>\n\t<meta property=\"og:image:width\" content=\"914\" \/>\n\t<meta property=\"og:image:height\" content=\"512\" \/>\n\t<meta property=\"og:image:type\" content=\"image\/png\" \/>\n<meta name=\"twitter:card\" content=\"summary_large_image\" \/>\n<meta name=\"twitter:label1\" content=\"Tiempo de lectura\" \/>\n\t<meta name=\"twitter:data1\" content=\"2 minutos\" \/>\n<script type=\"application\/ld+json\" class=\"yoast-schema-graph\">{\"@context\":\"https:\\\/\\\/schema.org\",\"@graph\":[{\"@type\":\"WebPage\",\"@id\":\"https:\\\/\\\/cortecerto.com\\\/es\\\/produto\\\/corte-certo-films\\\/\",\"url\":\"https:\\\/\\\/cortecerto.com\\\/es\\\/produto\\\/corte-certo-films\\\/\",\"name\":\"Corte Certo Films - Corte Certo - Software para Otimiza\u00e7\u00e3o de Planos de Corte\",\"isPartOf\":{\"@id\":\"https:\\\/\\\/cortecerto.com\\\/es\\\/#website\"},\"primaryImageOfPage\":{\"@id\":\"https:\\\/\\\/cortecerto.com\\\/es\\\/produto\\\/corte-certo-films\\\/#primaryimage\"},\"image\":{\"@id\":\"https:\\\/\\\/cortecerto.com\\\/es\\\/produto\\\/corte-certo-films\\\/#primaryimage\"},\"thumbnailUrl\":\"https:\\\/\\\/cortecerto.com\\\/wp-content\\\/uploads\\\/2022\\\/10\\\/films-black.png\",\"datePublished\":\"2022-10-17T16:05:49+00:00\",\"dateModified\":\"2023-08-18T23:06:35+00:00\",\"breadcrumb\":{\"@id\":\"https:\\\/\\\/cortecerto.com\\\/es\\\/produto\\\/corte-certo-films\\\/#breadcrumb\"},\"inLanguage\":\"es\",\"potentialAction\":[{\"@type\":\"ReadAction\",\"target\":[\"https:\\\/\\\/cortecerto.com\\\/es\\\/produto\\\/corte-certo-films\\\/\"]}]},{\"@type\":\"ImageObject\",\"inLanguage\":\"es\",\"@id\":\"https:\\\/\\\/cortecerto.com\\\/es\\\/produto\\\/corte-certo-films\\\/#primaryimage\",\"url\":\"https:\\\/\\\/cortecerto.com\\\/wp-content\\\/uploads\\\/2022\\\/10\\\/films-black.png\",\"contentUrl\":\"https:\\\/\\\/cortecerto.com\\\/wp-content\\\/uploads\\\/2022\\\/10\\\/films-black.png\",\"width\":912,\"height\":510},{\"@type\":\"BreadcrumbList\",\"@id\":\"https:\\\/\\\/cortecerto.com\\\/es\\\/produto\\\/corte-certo-films\\\/#breadcrumb\",\"itemListElement\":[{\"@type\":\"ListItem\",\"position\":1,\"name\":\"In\u00edcio\",\"item\":\"https:\\\/\\\/cortecerto.com\\\/es\\\/\"},{\"@type\":\"ListItem\",\"position\":2,\"name\":\"Comprar\",\"item\":\"https:\\\/\\\/cortecerto.com\\\/es\\\/comprar\\\/\"},{\"@type\":\"ListItem\",\"position\":3,\"name\":\"Corte Certo Films\"}]},{\"@type\":\"WebSite\",\"@id\":\"https:\\\/\\\/cortecerto.com\\\/es\\\/#website\",\"url\":\"https:\\\/\\\/cortecerto.com\\\/es\\\/\",\"name\":\"Corte Certo - Software para Otimiza\u00e7\u00e3o de Planos de Corte\",\"description\":\"\",\"publisher\":{\"@id\":\"https:\\\/\\\/cortecerto.com\\\/es\\\/#organization\"},\"potentialAction\":[{\"@type\":\"SearchAction\",\"target\":{\"@type\":\"EntryPoint\",\"urlTemplate\":\"https:\\\/\\\/cortecerto.com\\\/es\\\/?s={search_term_string}\"},\"query-input\":{\"@type\":\"PropertyValueSpecification\",\"valueRequired\":true,\"valueName\":\"search_term_string\"}}],\"inLanguage\":\"es\"},{\"@type\":\"Organization\",\"@id\":\"https:\\\/\\\/cortecerto.com\\\/es\\\/#organization\",\"name\":\"Corte Certo - Software para Otimiza\u00e7\u00e3o de Planos de Corte\",\"url\":\"https:\\\/\\\/cortecerto.com\\\/es\\\/\",\"logo\":{\"@type\":\"ImageObject\",\"inLanguage\":\"es\",\"@id\":\"https:\\\/\\\/cortecerto.com\\\/es\\\/#\\\/schema\\\/logo\\\/image\\\/\",\"url\":\"https:\\\/\\\/cortecerto.com\\\/wp-content\\\/uploads\\\/2022\\\/10\\\/logo-corte-certo-branco.png\",\"contentUrl\":\"https:\\\/\\\/cortecerto.com\\\/wp-content\\\/uploads\\\/2022\\\/10\\\/logo-corte-certo-branco.png\",\"width\":2560,\"height\":293,\"caption\":\"Corte Certo - Software para Otimiza\u00e7\u00e3o de Planos de Corte\"},\"image\":{\"@id\":\"https:\\\/\\\/cortecerto.com\\\/es\\\/#\\\/schema\\\/logo\\\/image\\\/\"}}]}<\/script>\n<!-- \/ Yoast SEO plugin. -->","yoast_head_json":{"title":"Corte Certo Films - Corte Certo - Software para Otimiza\u00e7\u00e3o de Planos de Corte","robots":{"index":"index","follow":"follow","max-snippet":"max-snippet:-1","max-image-preview":"max-image-preview:large","max-video-preview":"max-video-preview:-1"},"canonical":"https:\/\/cortecerto.com\/es\/produto\/corte-certo-films\/","og_locale":"es_ES","og_type":"article","og_title":"Corte Certo Films - Corte Certo - Software para Otimiza\u00e7\u00e3o de Planos de Corte","og_description":"Suscripci\u00f3n anual Para realizar el corte recto de pel\u00edculas de vidrio (automotrices y de arquitectura). Tuvo un \u00e9xito inmediato en varios pa\u00edses. Tambi\u00e9n sirve para otros materiales presentados en el formato de bobinas.","og_url":"https:\/\/cortecerto.com\/es\/produto\/corte-certo-films\/","og_site_name":"Corte Certo - Software para Otimiza\u00e7\u00e3o de Planos de Corte","article_modified_time":"2023-08-18T23:06:35+00:00","og_image":[{"width":914,"height":512,"url":"https:\/\/cortecerto.com\/wp-content\/uploads\/2022\/10\/cc-films-2x.png","type":"image\/png"}],"twitter_card":"summary_large_image","twitter_misc":{"Tiempo de lectura":"2 minutos"},"schema":{"@context":"https:\/\/schema.org","@graph":[{"@type":"WebPage","@id":"https:\/\/cortecerto.com\/es\/produto\/corte-certo-films\/","url":"https:\/\/cortecerto.com\/es\/produto\/corte-certo-films\/","name":"Corte Certo Films - Corte Certo - Software para Otimiza\u00e7\u00e3o de Planos de Corte","isPartOf":{"@id":"https:\/\/cortecerto.com\/es\/#website"},"primaryImageOfPage":{"@id":"https:\/\/cortecerto.com\/es\/produto\/corte-certo-films\/#primaryimage"},"image":{"@id":"https:\/\/cortecerto.com\/es\/produto\/corte-certo-films\/#primaryimage"},"thumbnailUrl":"https:\/\/cortecerto.com\/wp-content\/uploads\/2022\/10\/films-black.png","datePublished":"2022-10-17T16:05:49+00:00","dateModified":"2023-08-18T23:06:35+00:00","breadcrumb":{"@id":"https:\/\/cortecerto.com\/es\/produto\/corte-certo-films\/#breadcrumb"},"inLanguage":"es","potentialAction":[{"@type":"ReadAction","target":["https:\/\/cortecerto.com\/es\/produto\/corte-certo-films\/"]}]},{"@type":"ImageObject","inLanguage":"es","@id":"https:\/\/cortecerto.com\/es\/produto\/corte-certo-films\/#primaryimage","url":"https:\/\/cortecerto.com\/wp-content\/uploads\/2022\/10\/films-black.png","contentUrl":"https:\/\/cortecerto.com\/wp-content\/uploads\/2022\/10\/films-black.png","width":912,"height":510},{"@type":"BreadcrumbList","@id":"https:\/\/cortecerto.com\/es\/produto\/corte-certo-films\/#breadcrumb","itemListElement":[{"@type":"ListItem","position":1,"name":"In\u00edcio","item":"https:\/\/cortecerto.com\/es\/"},{"@type":"ListItem","position":2,"name":"Comprar","item":"https:\/\/cortecerto.com\/es\/comprar\/"},{"@type":"ListItem","position":3,"name":"Corte Certo Films"}]},{"@type":"WebSite","@id":"https:\/\/cortecerto.com\/es\/#website","url":"https:\/\/cortecerto.com\/es\/","name":"Corte Certo - Software para Otimiza\u00e7\u00e3o de Planos de Corte","description":"","publisher":{"@id":"https:\/\/cortecerto.com\/es\/#organization"},"potentialAction":[{"@type":"SearchAction","target":{"@type":"EntryPoint","urlTemplate":"https:\/\/cortecerto.com\/es\/?s={search_term_string}"},"query-input":{"@type":"PropertyValueSpecification","valueRequired":true,"valueName":"search_term_string"}}],"inLanguage":"es"},{"@type":"Organization","@id":"https:\/\/cortecerto.com\/es\/#organization","name":"Corte Certo - Software para Otimiza\u00e7\u00e3o de Planos de Corte","url":"https:\/\/cortecerto.com\/es\/","logo":{"@type":"ImageObject","inLanguage":"es","@id":"https:\/\/cortecerto.com\/es\/#\/schema\/logo\/image\/","url":"https:\/\/cortecerto.com\/wp-content\/uploads\/2022\/10\/logo-corte-certo-branco.png","contentUrl":"https:\/\/cortecerto.com\/wp-content\/uploads\/2022\/10\/logo-corte-certo-branco.png","width":2560,"height":293,"caption":"Corte Certo - Software para Otimiza\u00e7\u00e3o de Planos de Corte"},"image":{"@id":"https:\/\/cortecerto.com\/es\/#\/schema\/logo\/image\/"}}]}},"_links":{"self":[{"href":"https:\/\/cortecerto.com\/es\/wp-json\/wp\/v2\/product\/989","targetHints":{"allow":["GET"]}}],"collection":[{"href":"https:\/\/cortecerto.com\/es\/wp-json\/wp\/v2\/product"}],"about":[{"href":"https:\/\/cortecerto.com\/es\/wp-json\/wp\/v2\/types\/product"}],"version-history":[{"count":0,"href":"https:\/\/cortecerto.com\/es\/wp-json\/wp\/v2\/product\/989\/revisions"}],"wp:featuredmedia":[{"embeddable":true,"href":"https:\/\/cortecerto.com\/es\/wp-json\/wp\/v2\/media\/140565"}],"wp:attachment":[{"href":"https:\/\/cortecerto.com\/es\/wp-json\/wp\/v2\/media?parent=989"}],"wp:term":[{"taxonomy":"product_brand","embeddable":true,"href":"https:\/\/cortecerto.com\/es\/wp-json\/wp\/v2\/product_brand?post=989"},{"taxonomy":"product_cat","embeddable":true,"href":"https:\/\/cortecerto.com\/es\/wp-json\/wp\/v2\/product_cat?post=989"},{"taxonomy":"product_tag","embeddable":true,"href":"https:\/\/cortecerto.com\/es\/wp-json\/wp\/v2\/product_tag?post=989"}],"curies":[{"name":"wp","href":"https:\/\/api.w.org\/{rel}","templated":true}]}}