{"id":1012,"date":"2022-09-30T13:45:12","date_gmt":"2022-09-30T16:45:12","guid":{"rendered":"https:\/\/cortecerto.com\/produto\/corte-certo-plus\/"},"modified":"2023-08-18T20:03:56","modified_gmt":"2023-08-18T23:03:56","slug":"corte-certo-plus","status":"publish","type":"product","link":"https:\/\/cortecerto.com\/es\/produto\/corte-certo-plus\/","title":{"rendered":"Corte Certo 2D Plus"},"content":{"rendered":"\t\t<div data-elementor-type=\"product-post\" data-elementor-id=\"1012\" class=\"elementor elementor-1012 elementor-11\" data-elementor-post-type=\"product\">\n\t\t\t\t\t\t<section data-particle_enable=\"false\" data-particle-mobile-disabled=\"false\" class=\"elementor-section elementor-top-section elementor-element elementor-element-494bc45 elementor-section-boxed elementor-section-height-default elementor-section-height-default\" data-id=\"494bc45\" data-element_type=\"section\" data-e-type=\"section\">\n\t\t\t\t\t\t<div class=\"elementor-container elementor-column-gap-default\">\n\t\t\t\t\t<div class=\"elementor-column elementor-col-100 elementor-top-column elementor-element elementor-element-6a66413d\" data-id=\"6a66413d\" data-element_type=\"column\" data-e-type=\"column\">\n\t\t\t<div class=\"elementor-widget-wrap elementor-element-populated\">\n\t\t\t\t\t\t<div class=\"elementor-element elementor-element-1263e51a elementor-widget elementor-widget-text-editor\" data-id=\"1263e51a\" data-element_type=\"widget\" data-e-type=\"widget\" data-widget_type=\"text-editor.default\">\n\t\t\t\t<div class=\"elementor-widget-container\">\n\t\t\t\t\t\t\t\t\t<div>\n<div>\n<div>\n<div>\n<div>\n<div>\n<div>\n<p style=\"text-align: left;\">Edici\u00f3n avanzada que engloba todo lo que hacen las otras ediciones de Corte Certo, satisfaciendo tambi\u00e9n necesidades m\u00e1s sofisticadas, como el env\u00edo&nbsp;de planos&nbsp;de corte&nbsp;a&nbsp;m\u00e1quinas (ver Integraci\u00f3n &#8211; M\u00e1quinas) y datos de consumo para sistemas ERP (ver Integraci\u00f3n &#8211; Software), c\u00f3digos de barras, apilamiento, agrupaci\u00f3n lateral de tiras, agrupaci\u00f3n de piezas (excluyendo cortes), generaci\u00f3n de c\u00f3digo G. Es ideal para m\u00e1quinas angulares.<\/p>\n<p style=\"text-align: left;\">Calcula el mejor lote para la producci\u00f3n industrial, genera una hoja de c\u00e1lculo para controlar los pedidos, pero empieza a destacar incluso con sus sofisticadas herramientas de posedici\u00f3n manual, el set m\u00e1s completo de todos .<\/p>\n<p>&nbsp;<\/p>\n<h2>Funciones de Corte Certo Plus:<\/h2>\n<p>&#8211; Etiquetas con c\u00f3digos de barras<\/p>\n<p>&#8211; Exportaci\u00f3n de datos.<\/p>\n<p>&#8211; Centralizaci\u00f3n del registro de placas en el servidor para uso con m\u00e1s de una instalaci\u00f3n de Corte Certo.<\/p>\n<p>&#8211; Opci\u00f3n de respetar la direcci\u00f3n de las fibras o surcos del material;<\/p>\n<p>&#8211; Los proyectos pueden tener diferentes materiales;<\/p>\n<p>&#8211; Los materiales y proyectos registrados se guardan para uso futuro;<\/p>\n<p>&#8211; Piezas extras: piezas para rellenar espacios libres en el plano de corte (generalmente piezas de alta rotaci\u00f3n, como frentes o laterales de cajones)<\/p>\n<p>&#8211; Control de inventario de placas, retazos y piezas extras.<\/p>\n<p>&#8211; Otro (Leer m\u00e1s en Comparar Versiones)<\/p>\n<h2><\/h2>\n<h2>Otras funciones (presentes en Corte Certo Standard y Mini)<\/h2>\n<p>&#8211; Optimizaci\u00f3n de planos de corte rectangulares.<\/p>\n<p>&#8211; Opci\u00f3n de respetar la direcci\u00f3n de las fibras o surcos del material.<\/p>\n<p>&#8211; Funciones de escritura r\u00e1pida (Fast Typing)<\/p>\n<p>&#8211; Registro (manual) y reutilizaci\u00f3n de retazos.<\/p>\n<p>&#8211; Los proyectos pueden tener diferentes materiales.<\/p>\n<p>&#8211; Los materiales y proyectos registrados se guardan para uso futuro.<\/p>\n<p>&#8211; C\u00e1lculo en fases de corte (especial para sierras y guillotinas)<\/p>\n<p>&#8211; Importaci\u00f3n de datos de otro software (ver)<\/p>\n<p>&#8211; Registro y uso autom\u00e1tico de retazos<\/p>\n<p>&#8211; Control de inventario de placas y retazos<br><\/p>\n<p>&#8211; M\u00f3dulo de presupuesto<\/p>\n<p>&#8211; C\u00e1lculo de conjuntos\/combinaci\u00f3n de proyectos<\/p>\n<p>&#8211; C\u00e1lculo de placas superpuestas<\/p>\n<p>&#8211; Etiquetas colgantes;<\/p>\n<p>&#8211; C\u00e1lculo de cintas de borde;<\/p>\n<p>&#8211; Post-edici\u00f3n manual<\/p>\n<\/div>\n<\/div>\n<\/div>\n<\/div>\n<\/div>\n<\/div>\n<\/div>\t\t\t\t\t\t\t\t<\/div>\n\t\t\t\t<\/div>\n\t\t\t\t\t<\/div>\n\t\t<\/div>\n\t\t\t\t\t<\/div>\n\t\t<\/section>\n\t\t\t\t<\/div>\n\t\t","protected":false},"excerpt":{"rendered":"<p>Suscripci\u00f3n anual<\/p>\n<p>Edici\u00f3n m\u00e1s completa de Corte Certo para requerimientos tales como integraci\u00f3n con m\u00e1quinas autom\u00e1ticas y ERP, c\u00f3digos de barras, apilamiento, etc. \u00a1Sorpr\u00e9ndase!<\/p>\n","protected":false},"featured_media":140615,"template":"","meta":{"site-sidebar-layout":"default","site-content-layout":null,"ast-site-content-layout":"default","site-content-style":"default","site-sidebar-style":"default","ast-global-header-display":"","ast-banner-title-visibility":"","ast-main-header-display":"","ast-hfb-above-header-display":"","ast-hfb-below-header-display":"","ast-hfb-mobile-header-display":"","site-post-title":"","ast-breadcrumbs-content":"","ast-featured-img":"","footer-sml-layout":"","ast-disable-related-posts":"","theme-transparent-header-meta":"default","adv-header-id-meta":"","stick-header-meta":"default","header-above-stick-meta":null,"header-main-stick-meta":"","header-below-stick-meta":null,"astra-migrate-meta-layouts":"set","ast-page-background-enabled":"default","ast-page-background-meta":{"desktop":{"background-color":"var(--ast-global-color-4)","background-image":"","background-repeat":"repeat","background-position":"center center","background-size":"auto","background-attachment":"scroll","background-type":"","background-media":"","overlay-type":"","overlay-color":"","overlay-opacity":"","overlay-gradient":""},"tablet":{"background-color":"","background-image":"","background-repeat":"repeat","background-position":"center center","background-size":"auto","background-attachment":"scroll","background-type":"","background-media":"","overlay-type":"","overlay-color":"","overlay-opacity":"","overlay-gradient":""},"mobile":{"background-color":"","background-image":"","background-repeat":"repeat","background-position":"center center","background-size":"auto","background-attachment":"scroll","background-type":"","background-media":"","overlay-type":"","overlay-color":"","overlay-opacity":"","overlay-gradient":""}},"ast-content-background-meta":{"desktop":{"background-color":"var(--ast-global-color-5)","background-image":"","background-repeat":"repeat","background-position":"center center","background-size":"auto","background-attachment":"scroll","background-type":"","background-media":"","overlay-type":"","overlay-color":"","overlay-opacity":"","overlay-gradient":""},"tablet":{"background-color":"var(--ast-global-color-5)","background-image":"","background-repeat":"repeat","background-position":"center center","background-size":"auto","background-attachment":"scroll","background-type":"","background-media":"","overlay-type":"","overlay-color":"","overlay-opacity":"","overlay-gradient":""},"mobile":{"background-color":"var(--ast-global-color-5)","background-image":"","background-repeat":"repeat","background-position":"center center","background-size":"auto","background-attachment":"scroll","background-type":"","background-media":"","overlay-type":"","overlay-color":"","overlay-opacity":"","overlay-gradient":""}}},"product_brand":[],"product_cat":[],"product_tag":[],"class_list":{"0":"post-1012","1":"product","2":"type-product","3":"status-publish","4":"has-post-thumbnail","6":"desktop-align-left","7":"tablet-align-left","8":"mobile-align-left","10":"first","11":"instock","12":"virtual","13":"purchasable","14":"product-type-simple"},"yoast_head":"<!-- This site is optimized with the Yoast SEO plugin v27.2 - https:\/\/yoast.com\/product\/yoast-seo-wordpress\/ -->\n<title>Corte Certo 2D Plus - Corte Certo - Software para Otimiza\u00e7\u00e3o de Planos de Corte<\/title>\n<meta name=\"robots\" content=\"index, follow, max-snippet:-1, max-image-preview:large, max-video-preview:-1\" \/>\n<link rel=\"canonical\" href=\"https:\/\/cortecerto.com\/es\/produto\/corte-certo-plus\/\" \/>\n<meta property=\"og:locale\" content=\"es_ES\" \/>\n<meta property=\"og:type\" content=\"article\" \/>\n<meta property=\"og:title\" content=\"Corte Certo 2D Plus - Corte Certo - Software para Otimiza\u00e7\u00e3o de Planos de Corte\" \/>\n<meta property=\"og:description\" content=\"Suscripci\u00f3n anual  Edici\u00f3n m\u00e1s completa de Corte Certo para requerimientos tales como integraci\u00f3n con m\u00e1quinas autom\u00e1ticas y ERP, c\u00f3digos de barras, apilamiento, etc. \u00a1Sorpr\u00e9ndase!\" \/>\n<meta property=\"og:url\" content=\"https:\/\/cortecerto.com\/es\/produto\/corte-certo-plus\/\" \/>\n<meta property=\"og:site_name\" content=\"Corte Certo - Software para Otimiza\u00e7\u00e3o de Planos de Corte\" \/>\n<meta property=\"article:modified_time\" content=\"2023-08-18T23:03:56+00:00\" \/>\n<meta property=\"og:image\" content=\"https:\/\/cortecerto.com\/wp-content\/uploads\/2022\/09\/Corte-Certo-2D-Plus-1.png\" \/>\n\t<meta property=\"og:image:width\" content=\"907\" \/>\n\t<meta property=\"og:image:height\" content=\"508\" \/>\n\t<meta property=\"og:image:type\" content=\"image\/png\" \/>\n<meta name=\"twitter:card\" content=\"summary_large_image\" \/>\n<meta name=\"twitter:label1\" content=\"Tiempo de lectura\" \/>\n\t<meta name=\"twitter:data1\" content=\"2 minutos\" \/>\n<script type=\"application\/ld+json\" class=\"yoast-schema-graph\">{\"@context\":\"https:\/\/schema.org\",\"@graph\":[{\"@type\":\"WebPage\",\"@id\":\"https:\/\/cortecerto.com\/es\/produto\/corte-certo-plus\/\",\"url\":\"https:\/\/cortecerto.com\/es\/produto\/corte-certo-plus\/\",\"name\":\"Corte Certo 2D Plus - Corte Certo - Software para Otimiza\u00e7\u00e3o de Planos de Corte\",\"isPartOf\":{\"@id\":\"https:\/\/cortecerto.com\/es\/#website\"},\"primaryImageOfPage\":{\"@id\":\"https:\/\/cortecerto.com\/es\/produto\/corte-certo-plus\/#primaryimage\"},\"image\":{\"@id\":\"https:\/\/cortecerto.com\/es\/produto\/corte-certo-plus\/#primaryimage\"},\"thumbnailUrl\":\"https:\/\/cortecerto.com\/wp-content\/uploads\/2022\/09\/plus-normal.png\",\"datePublished\":\"2022-09-30T16:45:12+00:00\",\"dateModified\":\"2023-08-18T23:03:56+00:00\",\"breadcrumb\":{\"@id\":\"https:\/\/cortecerto.com\/es\/produto\/corte-certo-plus\/#breadcrumb\"},\"inLanguage\":\"es\",\"potentialAction\":[{\"@type\":\"ReadAction\",\"target\":[\"https:\/\/cortecerto.com\/es\/produto\/corte-certo-plus\/\"]}]},{\"@type\":\"ImageObject\",\"inLanguage\":\"es\",\"@id\":\"https:\/\/cortecerto.com\/es\/produto\/corte-certo-plus\/#primaryimage\",\"url\":\"https:\/\/cortecerto.com\/wp-content\/uploads\/2022\/09\/plus-normal.png\",\"contentUrl\":\"https:\/\/cortecerto.com\/wp-content\/uploads\/2022\/09\/plus-normal.png\",\"width\":912,\"height\":510},{\"@type\":\"BreadcrumbList\",\"@id\":\"https:\/\/cortecerto.com\/es\/produto\/corte-certo-plus\/#breadcrumb\",\"itemListElement\":[{\"@type\":\"ListItem\",\"position\":1,\"name\":\"In\u00edcio\",\"item\":\"https:\/\/cortecerto.com\/es\/\"},{\"@type\":\"ListItem\",\"position\":2,\"name\":\"Comprar\",\"item\":\"https:\/\/cortecerto.com\/es\/comprar\/\"},{\"@type\":\"ListItem\",\"position\":3,\"name\":\"Corte Certo 2D Plus\"}]},{\"@type\":\"WebSite\",\"@id\":\"https:\/\/cortecerto.com\/es\/#website\",\"url\":\"https:\/\/cortecerto.com\/es\/\",\"name\":\"Corte Certo - Software para Otimiza\u00e7\u00e3o de Planos de Corte\",\"description\":\"\",\"publisher\":{\"@id\":\"https:\/\/cortecerto.com\/es\/#organization\"},\"potentialAction\":[{\"@type\":\"SearchAction\",\"target\":{\"@type\":\"EntryPoint\",\"urlTemplate\":\"https:\/\/cortecerto.com\/es\/?s={search_term_string}\"},\"query-input\":{\"@type\":\"PropertyValueSpecification\",\"valueRequired\":true,\"valueName\":\"search_term_string\"}}],\"inLanguage\":\"es\"},{\"@type\":\"Organization\",\"@id\":\"https:\/\/cortecerto.com\/es\/#organization\",\"name\":\"Corte Certo - Software para Otimiza\u00e7\u00e3o de Planos de Corte\",\"url\":\"https:\/\/cortecerto.com\/es\/\",\"logo\":{\"@type\":\"ImageObject\",\"inLanguage\":\"es\",\"@id\":\"https:\/\/cortecerto.com\/es\/#\/schema\/logo\/image\/\",\"url\":\"https:\/\/cortecerto.com\/wp-content\/uploads\/2022\/10\/logo-corte-certo-branco.png\",\"contentUrl\":\"https:\/\/cortecerto.com\/wp-content\/uploads\/2022\/10\/logo-corte-certo-branco.png\",\"width\":2560,\"height\":293,\"caption\":\"Corte Certo - Software para Otimiza\u00e7\u00e3o de Planos de Corte\"},\"image\":{\"@id\":\"https:\/\/cortecerto.com\/es\/#\/schema\/logo\/image\/\"}}]}<\/script>\n<!-- \/ Yoast SEO plugin. -->","yoast_head_json":{"title":"Corte Certo 2D Plus - Corte Certo - Software para Otimiza\u00e7\u00e3o de Planos de Corte","robots":{"index":"index","follow":"follow","max-snippet":"max-snippet:-1","max-image-preview":"max-image-preview:large","max-video-preview":"max-video-preview:-1"},"canonical":"https:\/\/cortecerto.com\/es\/produto\/corte-certo-plus\/","og_locale":"es_ES","og_type":"article","og_title":"Corte Certo 2D Plus - Corte Certo - Software para Otimiza\u00e7\u00e3o de Planos de Corte","og_description":"Suscripci\u00f3n anual  Edici\u00f3n m\u00e1s completa de Corte Certo para requerimientos tales como integraci\u00f3n con m\u00e1quinas autom\u00e1ticas y ERP, c\u00f3digos de barras, apilamiento, etc. \u00a1Sorpr\u00e9ndase!","og_url":"https:\/\/cortecerto.com\/es\/produto\/corte-certo-plus\/","og_site_name":"Corte Certo - Software para Otimiza\u00e7\u00e3o de Planos de Corte","article_modified_time":"2023-08-18T23:03:56+00:00","og_image":[{"width":907,"height":508,"url":"https:\/\/cortecerto.com\/wp-content\/uploads\/2022\/09\/Corte-Certo-2D-Plus-1.png","type":"image\/png"}],"twitter_card":"summary_large_image","twitter_misc":{"Tiempo de lectura":"2 minutos"},"schema":{"@context":"https:\/\/schema.org","@graph":[{"@type":"WebPage","@id":"https:\/\/cortecerto.com\/es\/produto\/corte-certo-plus\/","url":"https:\/\/cortecerto.com\/es\/produto\/corte-certo-plus\/","name":"Corte Certo 2D Plus - Corte Certo - Software para Otimiza\u00e7\u00e3o de Planos de Corte","isPartOf":{"@id":"https:\/\/cortecerto.com\/es\/#website"},"primaryImageOfPage":{"@id":"https:\/\/cortecerto.com\/es\/produto\/corte-certo-plus\/#primaryimage"},"image":{"@id":"https:\/\/cortecerto.com\/es\/produto\/corte-certo-plus\/#primaryimage"},"thumbnailUrl":"https:\/\/cortecerto.com\/wp-content\/uploads\/2022\/09\/plus-normal.png","datePublished":"2022-09-30T16:45:12+00:00","dateModified":"2023-08-18T23:03:56+00:00","breadcrumb":{"@id":"https:\/\/cortecerto.com\/es\/produto\/corte-certo-plus\/#breadcrumb"},"inLanguage":"es","potentialAction":[{"@type":"ReadAction","target":["https:\/\/cortecerto.com\/es\/produto\/corte-certo-plus\/"]}]},{"@type":"ImageObject","inLanguage":"es","@id":"https:\/\/cortecerto.com\/es\/produto\/corte-certo-plus\/#primaryimage","url":"https:\/\/cortecerto.com\/wp-content\/uploads\/2022\/09\/plus-normal.png","contentUrl":"https:\/\/cortecerto.com\/wp-content\/uploads\/2022\/09\/plus-normal.png","width":912,"height":510},{"@type":"BreadcrumbList","@id":"https:\/\/cortecerto.com\/es\/produto\/corte-certo-plus\/#breadcrumb","itemListElement":[{"@type":"ListItem","position":1,"name":"In\u00edcio","item":"https:\/\/cortecerto.com\/es\/"},{"@type":"ListItem","position":2,"name":"Comprar","item":"https:\/\/cortecerto.com\/es\/comprar\/"},{"@type":"ListItem","position":3,"name":"Corte Certo 2D Plus"}]},{"@type":"WebSite","@id":"https:\/\/cortecerto.com\/es\/#website","url":"https:\/\/cortecerto.com\/es\/","name":"Corte Certo - Software para Otimiza\u00e7\u00e3o de Planos de Corte","description":"","publisher":{"@id":"https:\/\/cortecerto.com\/es\/#organization"},"potentialAction":[{"@type":"SearchAction","target":{"@type":"EntryPoint","urlTemplate":"https:\/\/cortecerto.com\/es\/?s={search_term_string}"},"query-input":{"@type":"PropertyValueSpecification","valueRequired":true,"valueName":"search_term_string"}}],"inLanguage":"es"},{"@type":"Organization","@id":"https:\/\/cortecerto.com\/es\/#organization","name":"Corte Certo - Software para Otimiza\u00e7\u00e3o de Planos de Corte","url":"https:\/\/cortecerto.com\/es\/","logo":{"@type":"ImageObject","inLanguage":"es","@id":"https:\/\/cortecerto.com\/es\/#\/schema\/logo\/image\/","url":"https:\/\/cortecerto.com\/wp-content\/uploads\/2022\/10\/logo-corte-certo-branco.png","contentUrl":"https:\/\/cortecerto.com\/wp-content\/uploads\/2022\/10\/logo-corte-certo-branco.png","width":2560,"height":293,"caption":"Corte Certo - Software para Otimiza\u00e7\u00e3o de Planos de Corte"},"image":{"@id":"https:\/\/cortecerto.com\/es\/#\/schema\/logo\/image\/"}}]}},"_links":{"self":[{"href":"https:\/\/cortecerto.com\/es\/wp-json\/wp\/v2\/product\/1012","targetHints":{"allow":["GET"]}}],"collection":[{"href":"https:\/\/cortecerto.com\/es\/wp-json\/wp\/v2\/product"}],"about":[{"href":"https:\/\/cortecerto.com\/es\/wp-json\/wp\/v2\/types\/product"}],"version-history":[{"count":0,"href":"https:\/\/cortecerto.com\/es\/wp-json\/wp\/v2\/product\/1012\/revisions"}],"wp:featuredmedia":[{"embeddable":true,"href":"https:\/\/cortecerto.com\/es\/wp-json\/wp\/v2\/media\/140615"}],"wp:attachment":[{"href":"https:\/\/cortecerto.com\/es\/wp-json\/wp\/v2\/media?parent=1012"}],"wp:term":[{"taxonomy":"product_brand","embeddable":true,"href":"https:\/\/cortecerto.com\/es\/wp-json\/wp\/v2\/product_brand?post=1012"},{"taxonomy":"product_cat","embeddable":true,"href":"https:\/\/cortecerto.com\/es\/wp-json\/wp\/v2\/product_cat?post=1012"},{"taxonomy":"product_tag","embeddable":true,"href":"https:\/\/cortecerto.com\/es\/wp-json\/wp\/v2\/product_tag?post=1012"}],"curies":[{"name":"wp","href":"https:\/\/api.w.org\/{rel}","templated":true}]}}