{"id":1011,"date":"2022-10-13T00:53:26","date_gmt":"2022-10-13T03:53:26","guid":{"rendered":"https:\/\/cortecerto.com\/produto\/1011\/"},"modified":"2023-08-18T20:02:49","modified_gmt":"2023-08-18T23:02:49","slug":"corte-certo-standard","status":"publish","type":"product","link":"https:\/\/cortecerto.com\/es\/produto\/corte-certo-standard\/","title":{"rendered":"Corte Certo 2D  Standard"},"content":{"rendered":"<p>Hace todo lo que <a href=\"https:\/\/cortecerto.com\/es\/?attachment_id=18124\">Corte Certo Mini<\/a> hace, con m\u00e1s recursos. Con esta edici\u00f3n Standard usted puede, por ejemplo, ahorrar m\u00e1s tiempo con la importaci\u00f3n de listados de Excel, de Word o de varios otros programas (vea en\u00a0<a href=\"https:\/\/cortecerto.com\/br\/suporte\/integracoes#tab-xgk5vtp\">Integraci\u00f3n &#8211; Softwares<\/a>). Otro ejemplo reciente casi que hace la magia de transformar una m\u00e1quina de corte manual en semiautom\u00e1tica, mediante la sincronizaci\u00f3n de la emisi\u00f3n de las etiquetas con el corte de las piezas.<\/p>\n<p>Ahora, si su empresa corta con seccionadoras (muebles, por ejemplo) o guillotinas, hay otro diferencial tecnol\u00f3gico que deja a cualquier software de los competidores a millas de distancia: planos de corte calculados para cortes en fases.<\/p>\n<p>Y tambi\u00e9n est\u00e1n los grandes cl\u00e1sicos que hicieron el nombre Corte Certo: el m\u00f3dulo de presupuestos, el c\u00e1lculo y precio de acabados en los bordes (tapacantos, por ejemplo), c\u00e1lculo de conjuntos\/m\u00f3dulos, soluci\u00f3n para agotar las existencias de retazos, etc.<\/p>\n<p>Pero si quiere realmente ver diferencia entre Corte Certo y otros productos similares, pida una demostraci\u00f3n de sistemas de posedici\u00f3n manual.<\/p>\n<p>&nbsp;<\/p>\n<h3><strong>\u00a0Funciones Principales &#8211; Corte Certo Standard<br \/>\n<\/strong><\/h3>\n<ul>\n<li>Optimizaci\u00f3n de planos de cortes rectangulares<\/li>\n<\/ul>\n<ul>\n<li>Opci\u00f3n para respetar el sentido de las fibras o ranuras del material.<\/li>\n<\/ul>\n<ul>\n<li>Funciones de digitaci\u00f3n r\u00e1pida (Fast Typing)<\/li>\n<\/ul>\n<ul>\n<li>Registro (manual) y reutilizaci\u00f3n de\u00a0retazos<\/li>\n<\/ul>\n<ul>\n<li>Los proyectos pueden tener materiales diferentes<\/li>\n<\/ul>\n<ul>\n<li>Los materiales y proyectos registrados son guardados para un uso futuro.<\/li>\n<\/ul>\n<ul>\n<li>C\u00e1lculo en fases de corte (especiales para seccionadoras y guillotinas)<\/li>\n<\/ul>\n<ul>\n<li>Importaci\u00f3n de datos de otro software (consulte)<\/li>\n<\/ul>\n<ul>\n<li>Registro y uso autom\u00e1tico de\u00a0retazos<\/li>\n<\/ul>\n<ul>\n<li>Control de existencias de chapas y de retazos<\/li>\n<\/ul>\n<ul>\n<li>M\u00f3dulo de presupuesto<\/li>\n<\/ul>\n<ul>\n<li>C\u00e1lculo de conjuntos\/mezcla de proyectos<\/li>\n<\/ul>\n<ul>\n<li>C\u00e1lculo de sandu\u00edche de chapas<\/li>\n<\/ul>\n<ul>\n<li>Etiquetas;<\/li>\n<\/ul>\n<ul>\n<li>C\u00e1lculo de tapacantos;<\/li>\n<\/ul>\n<ul>\n<li>Posedici\u00f3n manual<\/li>\n<\/ul>\n<ul>\n<li>Otros (Lea m\u00e1s en\u00a0<a href=\"https:\/\/cortecerto.com\/es\/corte-certo-2d\/ediciones\/comparar-las-versiones\/\">Compare Versiones<\/a>)<\/li>\n<\/ul>\n","protected":false},"excerpt":{"rendered":"<p>Suscripci\u00f3n anual<\/p>\n<p>Hace lo mismo que la versi\u00f3n Mini y adem\u00e1s cuenta los cortes, genera etiquetas y calcula los acabados en los bordes. Ofrece un editor manual, para permitir realizar ajustes personalizados al plan de corte.<\/p>\n","protected":false},"featured_media":140611,"template":"","meta":{"site-sidebar-layout":"default","site-content-layout":null,"ast-site-content-layout":"default","site-content-style":"default","site-sidebar-style":"default","ast-global-header-display":"","ast-banner-title-visibility":"","ast-main-header-display":"","ast-hfb-above-header-display":"","ast-hfb-below-header-display":"","ast-hfb-mobile-header-display":"","site-post-title":"","ast-breadcrumbs-content":"","ast-featured-img":"","footer-sml-layout":"","ast-disable-related-posts":"","theme-transparent-header-meta":"default","adv-header-id-meta":"","stick-header-meta":"default","header-above-stick-meta":null,"header-main-stick-meta":"","header-below-stick-meta":null,"astra-migrate-meta-layouts":"set","ast-page-background-enabled":"default","ast-page-background-meta":{"desktop":{"background-color":"var(--ast-global-color-4)","background-image":"","background-repeat":"repeat","background-position":"center center","background-size":"auto","background-attachment":"scroll","background-type":"","background-media":"","overlay-type":"","overlay-color":"","overlay-opacity":"","overlay-gradient":""},"tablet":{"background-color":"","background-image":"","background-repeat":"repeat","background-position":"center center","background-size":"auto","background-attachment":"scroll","background-type":"","background-media":"","overlay-type":"","overlay-color":"","overlay-opacity":"","overlay-gradient":""},"mobile":{"background-color":"","background-image":"","background-repeat":"repeat","background-position":"center center","background-size":"auto","background-attachment":"scroll","background-type":"","background-media":"","overlay-type":"","overlay-color":"","overlay-opacity":"","overlay-gradient":""}},"ast-content-background-meta":{"desktop":{"background-color":"var(--ast-global-color-5)","background-image":"","background-repeat":"repeat","background-position":"center center","background-size":"auto","background-attachment":"scroll","background-type":"","background-media":"","overlay-type":"","overlay-color":"","overlay-opacity":"","overlay-gradient":""},"tablet":{"background-color":"var(--ast-global-color-5)","background-image":"","background-repeat":"repeat","background-position":"center center","background-size":"auto","background-attachment":"scroll","background-type":"","background-media":"","overlay-type":"","overlay-color":"","overlay-opacity":"","overlay-gradient":""},"mobile":{"background-color":"var(--ast-global-color-5)","background-image":"","background-repeat":"repeat","background-position":"center center","background-size":"auto","background-attachment":"scroll","background-type":"","background-media":"","overlay-type":"","overlay-color":"","overlay-opacity":"","overlay-gradient":""}}},"product_brand":[],"product_cat":[],"product_tag":[],"class_list":{"0":"post-1011","1":"product","2":"type-product","3":"status-publish","4":"has-post-thumbnail","6":"desktop-align-left","7":"tablet-align-left","8":"mobile-align-left","10":"first","11":"instock","12":"virtual","13":"purchasable","14":"product-type-simple"},"yoast_head":"<!-- This site is optimized with the Yoast SEO plugin v27.2 - https:\/\/yoast.com\/product\/yoast-seo-wordpress\/ -->\n<title>Corte Certo 2D Standard - Corte Certo - Software para Otimiza\u00e7\u00e3o de Planos de Corte<\/title>\n<meta name=\"robots\" content=\"index, follow, max-snippet:-1, max-image-preview:large, max-video-preview:-1\" \/>\n<link rel=\"canonical\" href=\"https:\/\/cortecerto.com\/es\/produto\/corte-certo-standard\/\" \/>\n<meta property=\"og:locale\" content=\"es_ES\" \/>\n<meta property=\"og:type\" content=\"article\" \/>\n<meta property=\"og:title\" content=\"Corte Certo 2D Standard - Corte Certo - Software para Otimiza\u00e7\u00e3o de Planos de Corte\" \/>\n<meta property=\"og:description\" content=\"Suscripci\u00f3n anual  Hace lo mismo que la versi\u00f3n Mini y adem\u00e1s cuenta los cortes, genera etiquetas y calcula los acabados en los bordes. Ofrece un editor manual, para permitir realizar ajustes personalizados al plan de corte.\" \/>\n<meta property=\"og:url\" content=\"https:\/\/cortecerto.com\/es\/produto\/corte-certo-standard\/\" \/>\n<meta property=\"og:site_name\" content=\"Corte Certo - Software para Otimiza\u00e7\u00e3o de Planos de Corte\" \/>\n<meta property=\"article:modified_time\" content=\"2023-08-18T23:02:49+00:00\" \/>\n<meta property=\"og:image\" content=\"https:\/\/cortecerto.com\/wp-content\/uploads\/2022\/10\/Corte-Certo-2D-Standard.png\" \/>\n\t<meta property=\"og:image:width\" content=\"908\" \/>\n\t<meta property=\"og:image:height\" content=\"508\" \/>\n\t<meta property=\"og:image:type\" content=\"image\/png\" \/>\n<meta name=\"twitter:card\" content=\"summary_large_image\" \/>\n<meta name=\"twitter:label1\" content=\"Tiempo de lectura\" \/>\n\t<meta name=\"twitter:data1\" content=\"2 minutos\" \/>\n<script type=\"application\/ld+json\" class=\"yoast-schema-graph\">{\"@context\":\"https:\/\/schema.org\",\"@graph\":[{\"@type\":\"WebPage\",\"@id\":\"https:\/\/cortecerto.com\/es\/produto\/corte-certo-standard\/\",\"url\":\"https:\/\/cortecerto.com\/es\/produto\/corte-certo-standard\/\",\"name\":\"Corte Certo 2D Standard - Corte Certo - Software para Otimiza\u00e7\u00e3o de Planos de Corte\",\"isPartOf\":{\"@id\":\"https:\/\/cortecerto.com\/es\/#website\"},\"primaryImageOfPage\":{\"@id\":\"https:\/\/cortecerto.com\/es\/produto\/corte-certo-standard\/#primaryimage\"},\"image\":{\"@id\":\"https:\/\/cortecerto.com\/es\/produto\/corte-certo-standard\/#primaryimage\"},\"thumbnailUrl\":\"https:\/\/cortecerto.com\/wp-content\/uploads\/2022\/10\/standart-normal-1.png\",\"datePublished\":\"2022-10-13T03:53:26+00:00\",\"dateModified\":\"2023-08-18T23:02:49+00:00\",\"breadcrumb\":{\"@id\":\"https:\/\/cortecerto.com\/es\/produto\/corte-certo-standard\/#breadcrumb\"},\"inLanguage\":\"es\",\"potentialAction\":[{\"@type\":\"ReadAction\",\"target\":[\"https:\/\/cortecerto.com\/es\/produto\/corte-certo-standard\/\"]}]},{\"@type\":\"ImageObject\",\"inLanguage\":\"es\",\"@id\":\"https:\/\/cortecerto.com\/es\/produto\/corte-certo-standard\/#primaryimage\",\"url\":\"https:\/\/cortecerto.com\/wp-content\/uploads\/2022\/10\/standart-normal-1.png\",\"contentUrl\":\"https:\/\/cortecerto.com\/wp-content\/uploads\/2022\/10\/standart-normal-1.png\",\"width\":912,\"height\":510},{\"@type\":\"BreadcrumbList\",\"@id\":\"https:\/\/cortecerto.com\/es\/produto\/corte-certo-standard\/#breadcrumb\",\"itemListElement\":[{\"@type\":\"ListItem\",\"position\":1,\"name\":\"In\u00edcio\",\"item\":\"https:\/\/cortecerto.com\/es\/\"},{\"@type\":\"ListItem\",\"position\":2,\"name\":\"Comprar\",\"item\":\"https:\/\/cortecerto.com\/es\/comprar\/\"},{\"@type\":\"ListItem\",\"position\":3,\"name\":\"Corte Certo 2D Standard\"}]},{\"@type\":\"WebSite\",\"@id\":\"https:\/\/cortecerto.com\/es\/#website\",\"url\":\"https:\/\/cortecerto.com\/es\/\",\"name\":\"Corte Certo - Software para Otimiza\u00e7\u00e3o de Planos de Corte\",\"description\":\"\",\"publisher\":{\"@id\":\"https:\/\/cortecerto.com\/es\/#organization\"},\"potentialAction\":[{\"@type\":\"SearchAction\",\"target\":{\"@type\":\"EntryPoint\",\"urlTemplate\":\"https:\/\/cortecerto.com\/es\/?s={search_term_string}\"},\"query-input\":{\"@type\":\"PropertyValueSpecification\",\"valueRequired\":true,\"valueName\":\"search_term_string\"}}],\"inLanguage\":\"es\"},{\"@type\":\"Organization\",\"@id\":\"https:\/\/cortecerto.com\/es\/#organization\",\"name\":\"Corte Certo - Software para Otimiza\u00e7\u00e3o de Planos de Corte\",\"url\":\"https:\/\/cortecerto.com\/es\/\",\"logo\":{\"@type\":\"ImageObject\",\"inLanguage\":\"es\",\"@id\":\"https:\/\/cortecerto.com\/es\/#\/schema\/logo\/image\/\",\"url\":\"https:\/\/cortecerto.com\/wp-content\/uploads\/2022\/10\/logo-corte-certo-branco.png\",\"contentUrl\":\"https:\/\/cortecerto.com\/wp-content\/uploads\/2022\/10\/logo-corte-certo-branco.png\",\"width\":2560,\"height\":293,\"caption\":\"Corte Certo - Software para Otimiza\u00e7\u00e3o de Planos de Corte\"},\"image\":{\"@id\":\"https:\/\/cortecerto.com\/es\/#\/schema\/logo\/image\/\"}}]}<\/script>\n<!-- \/ Yoast SEO plugin. -->","yoast_head_json":{"title":"Corte Certo 2D Standard - Corte Certo - Software para Otimiza\u00e7\u00e3o de Planos de Corte","robots":{"index":"index","follow":"follow","max-snippet":"max-snippet:-1","max-image-preview":"max-image-preview:large","max-video-preview":"max-video-preview:-1"},"canonical":"https:\/\/cortecerto.com\/es\/produto\/corte-certo-standard\/","og_locale":"es_ES","og_type":"article","og_title":"Corte Certo 2D Standard - Corte Certo - Software para Otimiza\u00e7\u00e3o de Planos de Corte","og_description":"Suscripci\u00f3n anual  Hace lo mismo que la versi\u00f3n Mini y adem\u00e1s cuenta los cortes, genera etiquetas y calcula los acabados en los bordes. Ofrece un editor manual, para permitir realizar ajustes personalizados al plan de corte.","og_url":"https:\/\/cortecerto.com\/es\/produto\/corte-certo-standard\/","og_site_name":"Corte Certo - Software para Otimiza\u00e7\u00e3o de Planos de Corte","article_modified_time":"2023-08-18T23:02:49+00:00","og_image":[{"width":908,"height":508,"url":"https:\/\/cortecerto.com\/wp-content\/uploads\/2022\/10\/Corte-Certo-2D-Standard.png","type":"image\/png"}],"twitter_card":"summary_large_image","twitter_misc":{"Tiempo de lectura":"2 minutos"},"schema":{"@context":"https:\/\/schema.org","@graph":[{"@type":"WebPage","@id":"https:\/\/cortecerto.com\/es\/produto\/corte-certo-standard\/","url":"https:\/\/cortecerto.com\/es\/produto\/corte-certo-standard\/","name":"Corte Certo 2D Standard - Corte Certo - Software para Otimiza\u00e7\u00e3o de Planos de Corte","isPartOf":{"@id":"https:\/\/cortecerto.com\/es\/#website"},"primaryImageOfPage":{"@id":"https:\/\/cortecerto.com\/es\/produto\/corte-certo-standard\/#primaryimage"},"image":{"@id":"https:\/\/cortecerto.com\/es\/produto\/corte-certo-standard\/#primaryimage"},"thumbnailUrl":"https:\/\/cortecerto.com\/wp-content\/uploads\/2022\/10\/standart-normal-1.png","datePublished":"2022-10-13T03:53:26+00:00","dateModified":"2023-08-18T23:02:49+00:00","breadcrumb":{"@id":"https:\/\/cortecerto.com\/es\/produto\/corte-certo-standard\/#breadcrumb"},"inLanguage":"es","potentialAction":[{"@type":"ReadAction","target":["https:\/\/cortecerto.com\/es\/produto\/corte-certo-standard\/"]}]},{"@type":"ImageObject","inLanguage":"es","@id":"https:\/\/cortecerto.com\/es\/produto\/corte-certo-standard\/#primaryimage","url":"https:\/\/cortecerto.com\/wp-content\/uploads\/2022\/10\/standart-normal-1.png","contentUrl":"https:\/\/cortecerto.com\/wp-content\/uploads\/2022\/10\/standart-normal-1.png","width":912,"height":510},{"@type":"BreadcrumbList","@id":"https:\/\/cortecerto.com\/es\/produto\/corte-certo-standard\/#breadcrumb","itemListElement":[{"@type":"ListItem","position":1,"name":"In\u00edcio","item":"https:\/\/cortecerto.com\/es\/"},{"@type":"ListItem","position":2,"name":"Comprar","item":"https:\/\/cortecerto.com\/es\/comprar\/"},{"@type":"ListItem","position":3,"name":"Corte Certo 2D Standard"}]},{"@type":"WebSite","@id":"https:\/\/cortecerto.com\/es\/#website","url":"https:\/\/cortecerto.com\/es\/","name":"Corte Certo - Software para Otimiza\u00e7\u00e3o de Planos de Corte","description":"","publisher":{"@id":"https:\/\/cortecerto.com\/es\/#organization"},"potentialAction":[{"@type":"SearchAction","target":{"@type":"EntryPoint","urlTemplate":"https:\/\/cortecerto.com\/es\/?s={search_term_string}"},"query-input":{"@type":"PropertyValueSpecification","valueRequired":true,"valueName":"search_term_string"}}],"inLanguage":"es"},{"@type":"Organization","@id":"https:\/\/cortecerto.com\/es\/#organization","name":"Corte Certo - Software para Otimiza\u00e7\u00e3o de Planos de Corte","url":"https:\/\/cortecerto.com\/es\/","logo":{"@type":"ImageObject","inLanguage":"es","@id":"https:\/\/cortecerto.com\/es\/#\/schema\/logo\/image\/","url":"https:\/\/cortecerto.com\/wp-content\/uploads\/2022\/10\/logo-corte-certo-branco.png","contentUrl":"https:\/\/cortecerto.com\/wp-content\/uploads\/2022\/10\/logo-corte-certo-branco.png","width":2560,"height":293,"caption":"Corte Certo - Software para Otimiza\u00e7\u00e3o de Planos de Corte"},"image":{"@id":"https:\/\/cortecerto.com\/es\/#\/schema\/logo\/image\/"}}]}},"_links":{"self":[{"href":"https:\/\/cortecerto.com\/es\/wp-json\/wp\/v2\/product\/1011","targetHints":{"allow":["GET"]}}],"collection":[{"href":"https:\/\/cortecerto.com\/es\/wp-json\/wp\/v2\/product"}],"about":[{"href":"https:\/\/cortecerto.com\/es\/wp-json\/wp\/v2\/types\/product"}],"version-history":[{"count":0,"href":"https:\/\/cortecerto.com\/es\/wp-json\/wp\/v2\/product\/1011\/revisions"}],"wp:featuredmedia":[{"embeddable":true,"href":"https:\/\/cortecerto.com\/es\/wp-json\/wp\/v2\/media\/140611"}],"wp:attachment":[{"href":"https:\/\/cortecerto.com\/es\/wp-json\/wp\/v2\/media?parent=1011"}],"wp:term":[{"taxonomy":"product_brand","embeddable":true,"href":"https:\/\/cortecerto.com\/es\/wp-json\/wp\/v2\/product_brand?post=1011"},{"taxonomy":"product_cat","embeddable":true,"href":"https:\/\/cortecerto.com\/es\/wp-json\/wp\/v2\/product_cat?post=1011"},{"taxonomy":"product_tag","embeddable":true,"href":"https:\/\/cortecerto.com\/es\/wp-json\/wp\/v2\/product_tag?post=1011"}],"curies":[{"name":"wp","href":"https:\/\/api.w.org\/{rel}","templated":true}]}}