{"id":1007,"date":"2022-10-13T00:54:52","date_gmt":"2022-10-13T03:54:52","guid":{"rendered":"https:\/\/cortecerto.com\/produto\/corte-certo-mini\/"},"modified":"2023-08-18T20:00:58","modified_gmt":"2023-08-18T23:00:58","slug":"corte-certo-mini","status":"publish","type":"product","link":"https:\/\/cortecerto.com\/es\/produto\/corte-certo-mini\/","title":{"rendered":"Corte Certo 2D  Mini"},"content":{"rendered":"<div id=\"tab-sucg3ct\" class=\"sucg3ct tab-sucg3ct-content mgz-tabs-tab-content mgz-active\">\n<div class=\"sucg3ct mgz-element mgz-element-tab\">\n<div class=\"mgz-element-inner sucg3ct-s\">\n<div class=\"wr059p3 mgz-element mgz-child mgz-element-product_description\">\n<div class=\"mgz-element-inner wr059p3-s\">\n<div class=\"ppbd-product-description\" style=\"text-align: justify;\">\n<p>A pesar de la simplicidad, que tambi\u00e9n atrae por su facilidad en el aprendizaje\u00a0<a class=\"glossaryLink \" href=\"https:\/\/cortecerto.com\/es\/?p=1626\" target=\"_blank\" rel=\"noopener\" aria-describedby=\"tt\" data-cmtooltip=\"&lt;div class=glossaryItemTitle&gt;Y&lt;\/div&gt;&lt;div class=glossaryItemBody&gt;Letra que, por conven\u00e7\u00e3o, representa nos planos do Corte Certo os lados da(...)&lt;\/div&gt;\">y<\/a>\u00a0su uso, Corte Certo Mini es capaz de ofrecer recursos bien sofisticados, como los de &#8220;Fast Typing\u201d (digitaci\u00f3n r\u00e1pida)\u00a0y\u00a0el de poder separar en un registro especial, de forma manual, los retazos para poder aprovecharlos autom\u00e1ticamente en c\u00e1lculos futuros, etc.<\/p>\n<p>Ideal para peque\u00f1os vol\u00famenes de producci\u00f3n en que, por ejemplo, las etiquetas no hagan falta. El l\u00edmite de\u00a0piezas\u00a0por proyecto para Corte Certo Mini es de mil piezas \u2013 lo que suele ser bastante razonable para empresas de peque\u00f1o porte, aunque muy distante de las tres millones de piezas permitidas en las ediciones m\u00e1s completas del programa. Tambi\u00e9n hay una limitaci\u00f3n de tres materiales por proyecto\/c\u00e1lculo. Por eso, no es la edici\u00f3n recomendada, por ejemplo, para quien trabaja con obras de construcci\u00f3n civil (vidrios) o mantiene producciones similares a los de peque\u00f1as industrias.<\/p>\n<h2>Funciones Principales &#8211; Corte Certo Mini<strong><br \/>\n<\/strong><\/h2>\n<ul>\n<li>Optimizaci\u00f3n de\u00a0planos de cortes\u00a0rectangulares<\/li>\n<\/ul>\n<ul>\n<li>Opci\u00f3n para respetar el sentido de las fibras o ranuras del material.<\/li>\n<\/ul>\n<ul>\n<li>Funciones de digitaci\u00f3n r\u00e1pida (Fast Typing)<\/li>\n<\/ul>\n<ul>\n<li>Registro (manual)\u00a0<a class=\"glossaryLink \" href=\"https:\/\/cortecerto.com\/es\/?p=1626\" target=\"_blank\" rel=\"noopener\" aria-describedby=\"tt\" data-cmtooltip=\"&lt;div class=glossaryItemTitle&gt;Y&lt;\/div&gt;&lt;div class=glossaryItemBody&gt;Letra que, por conven\u00e7\u00e3o, representa nos planos do Corte Certo os lados da(...)&lt;\/div&gt;\">y<\/a>\u00a0reutilizaci\u00f3n de\u00a0retazos<\/li>\n<\/ul>\n<ul>\n<li>Los proyectos pueden tener materiales diferentes<\/li>\n<\/ul>\n<ul>\n<li>Los materiales\u00a0<a class=\"glossaryLink \" href=\"https:\/\/cortecerto.com\/es\/?p=1626\" target=\"_blank\" rel=\"noopener\" aria-describedby=\"tt\" data-cmtooltip=\"&lt;div class=glossaryItemTitle&gt;Y&lt;\/div&gt;&lt;div class=glossaryItemBody&gt;Letra que, por conven\u00e7\u00e3o, representa nos planos do Corte Certo os lados da(...)&lt;\/div&gt;\">y<\/a>\u00a0proyectos registrados son guardados para un uso futuro.<\/li>\n<\/ul>\n<\/div>\n<\/div>\n<\/div>\n<\/div>\n<\/div>\n<\/div>\n","protected":false},"excerpt":{"rendered":"<p>Suscripci\u00f3n anual<\/p>\n<p>Edici\u00f3n b\u00e1sica de Corte Certo. Separa los sobrantes de los retazos en el plano. Mantiene el sentido de la veta y descuenta el espesor de la sierra. Archiva placas y listas de piezas.<\/p>\n","protected":false},"featured_media":249,"template":"","meta":{"site-sidebar-layout":"default","site-content-layout":null,"ast-site-content-layout":"default","site-content-style":"default","site-sidebar-style":"default","ast-global-header-display":"","ast-banner-title-visibility":"","ast-main-header-display":"","ast-hfb-above-header-display":"","ast-hfb-below-header-display":"","ast-hfb-mobile-header-display":"","site-post-title":"","ast-breadcrumbs-content":"","ast-featured-img":"","footer-sml-layout":"","ast-disable-related-posts":"","theme-transparent-header-meta":"default","adv-header-id-meta":"","stick-header-meta":"default","header-above-stick-meta":null,"header-main-stick-meta":"","header-below-stick-meta":null,"astra-migrate-meta-layouts":"set","ast-page-background-enabled":"default","ast-page-background-meta":{"desktop":{"background-color":"var(--ast-global-color-4)","background-image":"","background-repeat":"repeat","background-position":"center center","background-size":"auto","background-attachment":"scroll","background-type":"","background-media":"","overlay-type":"","overlay-color":"","overlay-opacity":"","overlay-gradient":""},"tablet":{"background-color":"","background-image":"","background-repeat":"repeat","background-position":"center center","background-size":"auto","background-attachment":"scroll","background-type":"","background-media":"","overlay-type":"","overlay-color":"","overlay-opacity":"","overlay-gradient":""},"mobile":{"background-color":"","background-image":"","background-repeat":"repeat","background-position":"center center","background-size":"auto","background-attachment":"scroll","background-type":"","background-media":"","overlay-type":"","overlay-color":"","overlay-opacity":"","overlay-gradient":""}},"ast-content-background-meta":{"desktop":{"background-color":"var(--ast-global-color-5)","background-image":"","background-repeat":"repeat","background-position":"center center","background-size":"auto","background-attachment":"scroll","background-type":"","background-media":"","overlay-type":"","overlay-color":"","overlay-opacity":"","overlay-gradient":""},"tablet":{"background-color":"var(--ast-global-color-5)","background-image":"","background-repeat":"repeat","background-position":"center center","background-size":"auto","background-attachment":"scroll","background-type":"","background-media":"","overlay-type":"","overlay-color":"","overlay-opacity":"","overlay-gradient":""},"mobile":{"background-color":"var(--ast-global-color-5)","background-image":"","background-repeat":"repeat","background-position":"center center","background-size":"auto","background-attachment":"scroll","background-type":"","background-media":"","overlay-type":"","overlay-color":"","overlay-opacity":"","overlay-gradient":""}}},"product_brand":[],"product_cat":[],"product_tag":[],"class_list":{"0":"post-1007","1":"product","2":"type-product","3":"status-publish","4":"has-post-thumbnail","6":"desktop-align-left","7":"tablet-align-left","8":"mobile-align-left","10":"first","11":"instock","12":"virtual","13":"purchasable","14":"product-type-simple"},"yoast_head":"<!-- This site is optimized with the Yoast SEO plugin v27.2 - https:\/\/yoast.com\/product\/yoast-seo-wordpress\/ -->\n<title>Corte Certo 2D Mini - Corte Certo - Software para Otimiza\u00e7\u00e3o de Planos de Corte<\/title>\n<meta name=\"robots\" content=\"index, follow, max-snippet:-1, max-image-preview:large, max-video-preview:-1\" \/>\n<link rel=\"canonical\" href=\"https:\/\/cortecerto.com\/es\/produto\/corte-certo-mini\/\" \/>\n<meta property=\"og:locale\" content=\"es_ES\" \/>\n<meta property=\"og:type\" content=\"article\" \/>\n<meta property=\"og:title\" content=\"Corte Certo 2D Mini - Corte Certo - Software para Otimiza\u00e7\u00e3o de Planos de Corte\" \/>\n<meta property=\"og:description\" content=\"Suscripci\u00f3n anual  Edici\u00f3n b\u00e1sica de Corte Certo. Separa los sobrantes de los retazos en el plano. Mantiene el sentido de la veta y descuenta el espesor de la sierra. Archiva placas y listas de piezas.\" \/>\n<meta property=\"og:url\" content=\"https:\/\/cortecerto.com\/es\/produto\/corte-certo-mini\/\" \/>\n<meta property=\"og:site_name\" content=\"Corte Certo - Software para Otimiza\u00e7\u00e3o de Planos de Corte\" \/>\n<meta property=\"article:modified_time\" content=\"2023-08-18T23:00:58+00:00\" \/>\n<meta property=\"og:image\" content=\"https:\/\/cortecerto.com\/wp-content\/uploads\/2022\/10\/Corte-Certo-2D-Mini.png\" \/>\n\t<meta property=\"og:image:width\" content=\"908\" \/>\n\t<meta property=\"og:image:height\" content=\"516\" \/>\n\t<meta property=\"og:image:type\" content=\"image\/png\" \/>\n<meta name=\"twitter:card\" content=\"summary_large_image\" \/>\n<meta name=\"twitter:label1\" content=\"Tiempo de lectura\" \/>\n\t<meta name=\"twitter:data1\" content=\"2 minutos\" \/>\n<script type=\"application\/ld+json\" class=\"yoast-schema-graph\">{\"@context\":\"https:\/\/schema.org\",\"@graph\":[{\"@type\":\"WebPage\",\"@id\":\"https:\/\/cortecerto.com\/es\/produto\/corte-certo-mini\/\",\"url\":\"https:\/\/cortecerto.com\/es\/produto\/corte-certo-mini\/\",\"name\":\"Corte Certo 2D Mini - Corte Certo - Software para Otimiza\u00e7\u00e3o de Planos de Corte\",\"isPartOf\":{\"@id\":\"https:\/\/cortecerto.com\/es\/#website\"},\"primaryImageOfPage\":{\"@id\":\"https:\/\/cortecerto.com\/es\/produto\/corte-certo-mini\/#primaryimage\"},\"image\":{\"@id\":\"https:\/\/cortecerto.com\/es\/produto\/corte-certo-mini\/#primaryimage\"},\"thumbnailUrl\":\"https:\/\/cortecerto.com\/wp-content\/uploads\/2022\/10\/Corte-Certo-2D-Mini.png\",\"datePublished\":\"2022-10-13T03:54:52+00:00\",\"dateModified\":\"2023-08-18T23:00:58+00:00\",\"breadcrumb\":{\"@id\":\"https:\/\/cortecerto.com\/es\/produto\/corte-certo-mini\/#breadcrumb\"},\"inLanguage\":\"es\",\"potentialAction\":[{\"@type\":\"ReadAction\",\"target\":[\"https:\/\/cortecerto.com\/es\/produto\/corte-certo-mini\/\"]}]},{\"@type\":\"ImageObject\",\"inLanguage\":\"es\",\"@id\":\"https:\/\/cortecerto.com\/es\/produto\/corte-certo-mini\/#primaryimage\",\"url\":\"https:\/\/cortecerto.com\/wp-content\/uploads\/2022\/10\/Corte-Certo-2D-Mini.png\",\"contentUrl\":\"https:\/\/cortecerto.com\/wp-content\/uploads\/2022\/10\/Corte-Certo-2D-Mini.png\",\"width\":908,\"height\":516,\"caption\":\"corte-certo-2d-mini\"},{\"@type\":\"BreadcrumbList\",\"@id\":\"https:\/\/cortecerto.com\/es\/produto\/corte-certo-mini\/#breadcrumb\",\"itemListElement\":[{\"@type\":\"ListItem\",\"position\":1,\"name\":\"In\u00edcio\",\"item\":\"https:\/\/cortecerto.com\/es\/\"},{\"@type\":\"ListItem\",\"position\":2,\"name\":\"Comprar\",\"item\":\"https:\/\/cortecerto.com\/es\/comprar\/\"},{\"@type\":\"ListItem\",\"position\":3,\"name\":\"Corte Certo 2D Mini\"}]},{\"@type\":\"WebSite\",\"@id\":\"https:\/\/cortecerto.com\/es\/#website\",\"url\":\"https:\/\/cortecerto.com\/es\/\",\"name\":\"Corte Certo - Software para Otimiza\u00e7\u00e3o de Planos de Corte\",\"description\":\"\",\"publisher\":{\"@id\":\"https:\/\/cortecerto.com\/es\/#organization\"},\"potentialAction\":[{\"@type\":\"SearchAction\",\"target\":{\"@type\":\"EntryPoint\",\"urlTemplate\":\"https:\/\/cortecerto.com\/es\/?s={search_term_string}\"},\"query-input\":{\"@type\":\"PropertyValueSpecification\",\"valueRequired\":true,\"valueName\":\"search_term_string\"}}],\"inLanguage\":\"es\"},{\"@type\":\"Organization\",\"@id\":\"https:\/\/cortecerto.com\/es\/#organization\",\"name\":\"Corte Certo - Software para Otimiza\u00e7\u00e3o de Planos de Corte\",\"url\":\"https:\/\/cortecerto.com\/es\/\",\"logo\":{\"@type\":\"ImageObject\",\"inLanguage\":\"es\",\"@id\":\"https:\/\/cortecerto.com\/es\/#\/schema\/logo\/image\/\",\"url\":\"https:\/\/cortecerto.com\/wp-content\/uploads\/2022\/10\/logo-corte-certo-branco.png\",\"contentUrl\":\"https:\/\/cortecerto.com\/wp-content\/uploads\/2022\/10\/logo-corte-certo-branco.png\",\"width\":2560,\"height\":293,\"caption\":\"Corte Certo - Software para Otimiza\u00e7\u00e3o de Planos de Corte\"},\"image\":{\"@id\":\"https:\/\/cortecerto.com\/es\/#\/schema\/logo\/image\/\"}}]}<\/script>\n<!-- \/ Yoast SEO plugin. -->","yoast_head_json":{"title":"Corte Certo 2D Mini - Corte Certo - Software para Otimiza\u00e7\u00e3o de Planos de Corte","robots":{"index":"index","follow":"follow","max-snippet":"max-snippet:-1","max-image-preview":"max-image-preview:large","max-video-preview":"max-video-preview:-1"},"canonical":"https:\/\/cortecerto.com\/es\/produto\/corte-certo-mini\/","og_locale":"es_ES","og_type":"article","og_title":"Corte Certo 2D Mini - Corte Certo - Software para Otimiza\u00e7\u00e3o de Planos de Corte","og_description":"Suscripci\u00f3n anual  Edici\u00f3n b\u00e1sica de Corte Certo. Separa los sobrantes de los retazos en el plano. Mantiene el sentido de la veta y descuenta el espesor de la sierra. Archiva placas y listas de piezas.","og_url":"https:\/\/cortecerto.com\/es\/produto\/corte-certo-mini\/","og_site_name":"Corte Certo - Software para Otimiza\u00e7\u00e3o de Planos de Corte","article_modified_time":"2023-08-18T23:00:58+00:00","og_image":[{"width":908,"height":516,"url":"https:\/\/cortecerto.com\/wp-content\/uploads\/2022\/10\/Corte-Certo-2D-Mini.png","type":"image\/png"}],"twitter_card":"summary_large_image","twitter_misc":{"Tiempo de lectura":"2 minutos"},"schema":{"@context":"https:\/\/schema.org","@graph":[{"@type":"WebPage","@id":"https:\/\/cortecerto.com\/es\/produto\/corte-certo-mini\/","url":"https:\/\/cortecerto.com\/es\/produto\/corte-certo-mini\/","name":"Corte Certo 2D Mini - Corte Certo - Software para Otimiza\u00e7\u00e3o de Planos de Corte","isPartOf":{"@id":"https:\/\/cortecerto.com\/es\/#website"},"primaryImageOfPage":{"@id":"https:\/\/cortecerto.com\/es\/produto\/corte-certo-mini\/#primaryimage"},"image":{"@id":"https:\/\/cortecerto.com\/es\/produto\/corte-certo-mini\/#primaryimage"},"thumbnailUrl":"https:\/\/cortecerto.com\/wp-content\/uploads\/2022\/10\/Corte-Certo-2D-Mini.png","datePublished":"2022-10-13T03:54:52+00:00","dateModified":"2023-08-18T23:00:58+00:00","breadcrumb":{"@id":"https:\/\/cortecerto.com\/es\/produto\/corte-certo-mini\/#breadcrumb"},"inLanguage":"es","potentialAction":[{"@type":"ReadAction","target":["https:\/\/cortecerto.com\/es\/produto\/corte-certo-mini\/"]}]},{"@type":"ImageObject","inLanguage":"es","@id":"https:\/\/cortecerto.com\/es\/produto\/corte-certo-mini\/#primaryimage","url":"https:\/\/cortecerto.com\/wp-content\/uploads\/2022\/10\/Corte-Certo-2D-Mini.png","contentUrl":"https:\/\/cortecerto.com\/wp-content\/uploads\/2022\/10\/Corte-Certo-2D-Mini.png","width":908,"height":516,"caption":"corte-certo-2d-mini"},{"@type":"BreadcrumbList","@id":"https:\/\/cortecerto.com\/es\/produto\/corte-certo-mini\/#breadcrumb","itemListElement":[{"@type":"ListItem","position":1,"name":"In\u00edcio","item":"https:\/\/cortecerto.com\/es\/"},{"@type":"ListItem","position":2,"name":"Comprar","item":"https:\/\/cortecerto.com\/es\/comprar\/"},{"@type":"ListItem","position":3,"name":"Corte Certo 2D Mini"}]},{"@type":"WebSite","@id":"https:\/\/cortecerto.com\/es\/#website","url":"https:\/\/cortecerto.com\/es\/","name":"Corte Certo - Software para Otimiza\u00e7\u00e3o de Planos de Corte","description":"","publisher":{"@id":"https:\/\/cortecerto.com\/es\/#organization"},"potentialAction":[{"@type":"SearchAction","target":{"@type":"EntryPoint","urlTemplate":"https:\/\/cortecerto.com\/es\/?s={search_term_string}"},"query-input":{"@type":"PropertyValueSpecification","valueRequired":true,"valueName":"search_term_string"}}],"inLanguage":"es"},{"@type":"Organization","@id":"https:\/\/cortecerto.com\/es\/#organization","name":"Corte Certo - Software para Otimiza\u00e7\u00e3o de Planos de Corte","url":"https:\/\/cortecerto.com\/es\/","logo":{"@type":"ImageObject","inLanguage":"es","@id":"https:\/\/cortecerto.com\/es\/#\/schema\/logo\/image\/","url":"https:\/\/cortecerto.com\/wp-content\/uploads\/2022\/10\/logo-corte-certo-branco.png","contentUrl":"https:\/\/cortecerto.com\/wp-content\/uploads\/2022\/10\/logo-corte-certo-branco.png","width":2560,"height":293,"caption":"Corte Certo - Software para Otimiza\u00e7\u00e3o de Planos de Corte"},"image":{"@id":"https:\/\/cortecerto.com\/es\/#\/schema\/logo\/image\/"}}]}},"_links":{"self":[{"href":"https:\/\/cortecerto.com\/es\/wp-json\/wp\/v2\/product\/1007","targetHints":{"allow":["GET"]}}],"collection":[{"href":"https:\/\/cortecerto.com\/es\/wp-json\/wp\/v2\/product"}],"about":[{"href":"https:\/\/cortecerto.com\/es\/wp-json\/wp\/v2\/types\/product"}],"version-history":[{"count":0,"href":"https:\/\/cortecerto.com\/es\/wp-json\/wp\/v2\/product\/1007\/revisions"}],"wp:featuredmedia":[{"embeddable":true,"href":"https:\/\/cortecerto.com\/es\/wp-json\/wp\/v2\/media\/249"}],"wp:attachment":[{"href":"https:\/\/cortecerto.com\/es\/wp-json\/wp\/v2\/media?parent=1007"}],"wp:term":[{"taxonomy":"product_brand","embeddable":true,"href":"https:\/\/cortecerto.com\/es\/wp-json\/wp\/v2\/product_brand?post=1007"},{"taxonomy":"product_cat","embeddable":true,"href":"https:\/\/cortecerto.com\/es\/wp-json\/wp\/v2\/product_cat?post=1007"},{"taxonomy":"product_tag","embeddable":true,"href":"https:\/\/cortecerto.com\/es\/wp-json\/wp\/v2\/product_tag?post=1007"}],"curies":[{"name":"wp","href":"https:\/\/api.w.org\/{rel}","templated":true}]}}